{"id":1143,"date":"2024-03-07T15:15:53","date_gmt":"2024-03-07T14:15:53","guid":{"rendered":"https:\/\/beewild.be\/?page_id=1143"},"modified":"2024-04-09T03:05:07","modified_gmt":"2024-04-09T01:05:07","slug":"bacs-et-couches-de-plantation","status":"publish","type":"page","link":"https:\/\/beewild.be\/index.php\/bacs-et-couches-de-plantation\/","title":{"rendered":"Bacs de plantation"},"content":{"rendered":"\n<div class=\"wp-block-group\"><div class=\"wp-block-group__inner-container is-layout-constrained wp-block-group-is-layout-constrained\">\n<div class=\"wp-block-media-text is-stacked-on-mobile is-vertically-aligned-center\" style=\"grid-template-columns:63% auto\"><figure class=\"wp-block-media-text__media\"><img loading=\"lazy\" decoding=\"async\" width=\"1024\" height=\"683\" src=\"https:\/\/beewild.be\/wp-content\/uploads\/2024\/04\/Bac-potager-1-1024x683.jpg\" alt=\"\" class=\"wp-image-1597 size-full\" srcset=\"https:\/\/beewild.be\/wp-content\/uploads\/2024\/04\/Bac-potager-1-1024x683.jpg 1024w, https:\/\/beewild.be\/wp-content\/uploads\/2024\/04\/Bac-potager-1-300x200.jpg 300w, https:\/\/beewild.be\/wp-content\/uploads\/2024\/04\/Bac-potager-1-768x512.jpg 768w, https:\/\/beewild.be\/wp-content\/uploads\/2024\/04\/Bac-potager-1-1536x1024.jpg 1536w, https:\/\/beewild.be\/wp-content\/uploads\/2024\/04\/Bac-potager-1.jpg 1920w\" sizes=\"auto, (max-width: 1024px) 100vw, 1024px\" \/><\/figure><div class=\"wp-block-media-text__content\">\n<p><\/p>\n\n\n\n<p><\/p>\n\n\n\n<p>Cultivez vos herbes aromatiques, m\u00e9dicinales, vos fruits et l\u00e9gumes gr\u00e2ce \u00e0 nos bacs de plantation et nos couches de&nbsp;culture.<\/p>\n\n\n\n<p>R\u00e9coltez vos propres plantes, tout en accueillant les pollinisateurs et les insectes utiles qui prot\u00e9geront votre potager et votre&nbsp;jardin.<\/p>\n\n\n\n<p>Nous pouvons vous aider \u00e0 les installer et choisir les plantes les mieux&nbsp;adapt\u00e9es. <\/p>\n<\/div><\/div>\n\n\n\n<div style=\"height:60px\" aria-hidden=\"true\" class=\"wp-block-spacer\"><\/div>\n<\/div><\/div>\n\n\n\n<h2 class=\"wp-block-heading\">Nos mod\u00e8les<\/h2>\n\n\n\n<h3 class=\"wp-block-heading has-text-align-left\">Couches de plantation<\/h3>\n\n\n\n<div class=\"wp-block-group\"><div class=\"wp-block-group__inner-container is-layout-constrained wp-block-group-is-layout-constrained\">\n<div class=\"wp-block-media-text is-stacked-on-mobile is-image-fill\" style=\"grid-template-columns:57% auto\"><figure class=\"wp-block-media-text__media\" style=\"background-image:url(https:\/\/beewild.be\/wp-content\/uploads\/2024\/03\/Couches-potager-Beewild.jpg);background-position:50% 50%\"><img loading=\"lazy\" decoding=\"async\" width=\"512\" height=\"384\" src=\"https:\/\/beewild.be\/wp-content\/uploads\/2024\/03\/Couches-potager-Beewild.jpg\" alt=\"Couches potager Beewild\" class=\"wp-image-1444 size-full\" srcset=\"https:\/\/beewild.be\/wp-content\/uploads\/2024\/03\/Couches-potager-Beewild.jpg 512w, https:\/\/beewild.be\/wp-content\/uploads\/2024\/03\/Couches-potager-Beewild-300x225.jpg 300w, https:\/\/beewild.be\/wp-content\/uploads\/2024\/03\/Couches-potager-Beewild-400x300.jpg 400w\" sizes=\"auto, (max-width: 512px) 100vw, 512px\" \/><\/figure><div class=\"wp-block-media-text__content\">\n<p>Nous r\u00e9alisons avec vous votre projet sur mesure adapt\u00e9 \u00e0 votre espace. <\/p>\n\n\n\n<p>Le couches de plantation offrent de nombreux avantages: possibilit\u00e9 de d\u00e9marrer vos semis plus t\u00f4t en les couvrant, d&rsquo;y incorporer facilement du terreau ou compost, les plantes s&rsquo;y enracineront plus facilement, l&rsquo;arrosage est r\u00e9duit, etc<\/p>\n\n\n\n<p><\/p>\n\n\n\n<div class=\"wp-block-buttons is-content-justification-center is-layout-flex wp-container-core-buttons-is-layout-16018d1d wp-block-buttons-is-layout-flex\">\n<div class=\"wp-block-button\"><a class=\"wp-block-button__link has-white-color has-text-color has-background has-link-color has-text-align-center wp-element-button\" href=\"https:\/\/beewild.be\/index.php\/contact\/\" style=\"border-radius:30px;background-color:#3f873e\">En savoir plus<\/a><\/div>\n<\/div>\n<\/div><\/div>\n\n\n\n<div style=\"height:60px\" aria-hidden=\"true\" class=\"wp-block-spacer\"><\/div>\n<\/div><\/div>\n\n\n\n<div class=\"wp-block-group\"><div class=\"wp-block-group__inner-container is-layout-constrained wp-block-group-is-layout-constrained\">\n<h3 class=\"wp-block-heading has-text-align-left\">Bac de plantation <\/h3>\n\n\n\n<div class=\"wp-block-media-text is-stacked-on-mobile is-image-fill\" style=\"grid-template-columns:57% auto\"><figure class=\"wp-block-media-text__media\" style=\"background-image:url(https:\/\/beewild.be\/wp-content\/uploads\/2024\/04\/Bac-potager-2-1024x683.jpg);background-position:50% 50%\"><img loading=\"lazy\" decoding=\"async\" width=\"1024\" height=\"683\" src=\"https:\/\/beewild.be\/wp-content\/uploads\/2024\/04\/Bac-potager-2-1024x683.jpg\" alt=\"\" class=\"wp-image-1598 size-full\" srcset=\"https:\/\/beewild.be\/wp-content\/uploads\/2024\/04\/Bac-potager-2-1024x683.jpg 1024w, https:\/\/beewild.be\/wp-content\/uploads\/2024\/04\/Bac-potager-2-300x200.jpg 300w, https:\/\/beewild.be\/wp-content\/uploads\/2024\/04\/Bac-potager-2-768x512.jpg 768w, https:\/\/beewild.be\/wp-content\/uploads\/2024\/04\/Bac-potager-2-1536x1024.jpg 1536w, https:\/\/beewild.be\/wp-content\/uploads\/2024\/04\/Bac-potager-2.jpg 1920w\" sizes=\"auto, (max-width: 1024px) 100vw, 1024px\" \/><\/figure><div class=\"wp-block-media-text__content\">\n<p>Nos bacs de plantation sur mesure vous permettront de cultiver vos plantes aromatiques, vos fruits, l\u00e9gumes ou vos plantes \u00e0 fleurs sur votre terrasse. <\/p>\n\n\n\n<p>C&rsquo;est aussi un avantage de devoir moins se pencher, et de rendre le jardinage plus accessible aux personnes \u00e0 mobilit\u00e9 r\u00e9duite.<\/p>\n\n\n\n<p>Ils se pr\u00eatent bien \u00e0 la culture de plantes aromatiques, ainsi qu&rsquo;aux plantes ayant tendance \u00e0 envahir le jardin ou le potager comme la menthe par exemple.<\/p>\n\n\n\n<p>N&rsquo;h\u00e9sitez-pas \u00e0 nous contacter pour plus d&rsquo;informations.<\/p>\n\n\n\n<div class=\"wp-block-buttons is-content-justification-center is-layout-flex wp-container-core-buttons-is-layout-16018d1d wp-block-buttons-is-layout-flex\">\n<div class=\"wp-block-button\"><a class=\"wp-block-button__link has-white-color has-text-color has-background has-link-color has-text-align-center wp-element-button\" href=\"https:\/\/beewild.be\/index.php\/contact\/\" style=\"border-radius:30px;background-color:#3f873e\">En savoir plus<\/a><\/div>\n<\/div>\n<\/div><\/div>\n\n\n\n<div style=\"height:60px\" aria-hidden=\"true\" class=\"wp-block-spacer\"><\/div>\n<\/div><\/div>\n\n\n\n<div class=\"wp-block-group\"><div class=\"wp-block-group__inner-container is-layout-constrained wp-block-group-is-layout-constrained\">\n<h3 class=\"wp-block-heading has-text-align-left\">Jardini\u00e8re verticale<\/h3>\n\n\n\n<div class=\"wp-block-media-text is-stacked-on-mobile is-image-fill\"><figure class=\"wp-block-media-text__media\" style=\"background-image:url(https:\/\/beewild.be\/wp-content\/uploads\/2024\/03\/Coming-soon.jpg);background-position:50% 50%\"><img loading=\"lazy\" decoding=\"async\" width=\"600\" height=\"800\" src=\"https:\/\/beewild.be\/wp-content\/uploads\/2024\/03\/Coming-soon.jpg\" alt=\"Coming soon!\" class=\"wp-image-1456 size-full\" srcset=\"https:\/\/beewild.be\/wp-content\/uploads\/2024\/03\/Coming-soon.jpg 600w, https:\/\/beewild.be\/wp-content\/uploads\/2024\/03\/Coming-soon-225x300.jpg 225w\" sizes=\"auto, (max-width: 600px) 100vw, 600px\" \/><\/figure><div class=\"wp-block-media-text__content\">\n<p>Nos jardini\u00e8res verticales permettent de cultiver dans de petits espaces comme un balcon.<\/p>\n\n\n\n<p>C&rsquo;est aussi tr\u00e8s pratique d&rsquo;avoir toutes les plantes aromatiques ou condimentaires rassembl\u00e9es proche de votre cuisine, et cela permet d&rsquo;optimiser l&rsquo;espace et l&rsquo;exposition des plantes.<\/p>\n\n\n\n<p><\/p>\n\n\n\n<div class=\"wp-block-buttons is-content-justification-center is-layout-flex wp-container-core-buttons-is-layout-16018d1d wp-block-buttons-is-layout-flex\">\n<div class=\"wp-block-button\"><a class=\"wp-block-button__link has-white-color has-text-color has-background has-link-color has-text-align-center wp-element-button\" href=\"https:\/\/beewild.be\/index.php\/contact\/\" style=\"border-radius:30px;background-color:#3f873e\">En savoir plus<\/a><\/div>\n<\/div>\n<\/div><\/div>\n\n\n\n<div style=\"height:92px\" aria-hidden=\"true\" class=\"wp-block-spacer\"><\/div>\n<\/div><\/div>\n\n\n\n<p>N&rsquo;h\u00e9sitez-pas \u00e0 nous contacter pour discuter ensemble de toute r\u00e9alisation sur mesure pour votre terrasse, votre jardin, votre potager ou tout espace vert.<\/p>\n\n\n\n<div style=\"height:40px\" aria-hidden=\"true\" class=\"wp-block-spacer\"><\/div>\n\n\n\n<div class=\"wp-block-buttons is-content-justification-center is-layout-flex wp-container-core-buttons-is-layout-16018d1d wp-block-buttons-is-layout-flex\">\n<div class=\"wp-block-button has-custom-width wp-block-button__width-50\"><a class=\"wp-block-button__link has-white-color has-text-color has-background has-link-color has-text-align-center wp-element-button\" href=\"https:\/\/beewild.be\/index.php\/contact\/\" style=\"border-radius:30px;background-color:#3f873e\">Contactez-nous<\/a><\/div>\n<\/div>\n","protected":false},"excerpt":{"rendered":"<p>Cultivez vos herbes aromatiques, m\u00e9dicinales, vos fruits et l\u00e9gumes gr\u00e2ce \u00e0 nos bacs de plantation et nos couches de&nbsp;culture. R\u00e9coltez vos propres plantes, tout en accueillant les pollinisateurs et les insectes utiles qui prot\u00e9geront votre potager et votre&nbsp;jardin. Nous pouvons vous aider \u00e0 les installer et choisir les plantes les mieux&nbsp;adapt\u00e9es. Nos mod\u00e8les Couches de&#8230; <\/p>\n<div class=\"clear\"><\/div>\n<p><a href=\"https:\/\/beewild.be\/index.php\/bacs-et-couches-de-plantation\/\" class=\"excerpt-read-more\">Read More<\/a><\/p>\n","protected":false},"author":1,"featured_media":1180,"parent":0,"menu_order":0,"comment_status":"closed","ping_status":"closed","template":"","meta":{"footnotes":""},"class_list":["post-1143","page","type-page","status-publish","has-post-thumbnail","hentry"],"_links":{"self":[{"href":"https:\/\/beewild.be\/index.php\/wp-json\/wp\/v2\/pages\/1143","targetHints":{"allow":["GET"]}}],"collection":[{"href":"https:\/\/beewild.be\/index.php\/wp-json\/wp\/v2\/pages"}],"about":[{"href":"https:\/\/beewild.be\/index.php\/wp-json\/wp\/v2\/types\/page"}],"author":[{"embeddable":true,"href":"https:\/\/beewild.be\/index.php\/wp-json\/wp\/v2\/users\/1"}],"replies":[{"embeddable":true,"href":"https:\/\/beewild.be\/index.php\/wp-json\/wp\/v2\/comments?post=1143"}],"version-history":[{"count":9,"href":"https:\/\/beewild.be\/index.php\/wp-json\/wp\/v2\/pages\/1143\/revisions"}],"predecessor-version":[{"id":1631,"href":"https:\/\/beewild.be\/index.php\/wp-json\/wp\/v2\/pages\/1143\/revisions\/1631"}],"wp:featuredmedia":[{"embeddable":true,"href":"https:\/\/beewild.be\/index.php\/wp-json\/wp\/v2\/media\/1180"}],"wp:attachment":[{"href":"https:\/\/beewild.be\/index.php\/wp-json\/wp\/v2\/media?parent=1143"}],"curies":[{"name":"wp","href":"https:\/\/api.w.org\/{rel}","templated":true}]}}