{"id":1306,"date":"2024-03-10T14:21:38","date_gmt":"2024-03-10T13:21:38","guid":{"rendered":"https:\/\/beewild.be\/?page_id=1306"},"modified":"2024-04-06T19:51:22","modified_gmt":"2024-04-06T17:51:22","slug":"nichoirs-et-mangeoires","status":"publish","type":"page","link":"https:\/\/beewild.be\/index.php\/nichoirs-et-mangeoires\/","title":{"rendered":"Nichoirs et mangeoires"},"content":{"rendered":"\n<div class=\"wp-block-group\"><div class=\"wp-block-group__inner-container is-layout-constrained wp-block-group-is-layout-constrained\">\n<div class=\"wp-block-media-text is-stacked-on-mobile is-image-fill\" style=\"grid-template-columns:46% auto\"><figure class=\"wp-block-media-text__media\" style=\"background-image:url(https:\/\/beewild.be\/wp-content\/uploads\/2023\/01\/Atelier-Nichoirs-Mangeoire-HaI-1-1024x768.jpg);background-position:51% 52%\"><img loading=\"lazy\" decoding=\"async\" width=\"1024\" height=\"768\" src=\"https:\/\/beewild.be\/wp-content\/uploads\/2023\/01\/Atelier-Nichoirs-Mangeoire-HaI-1-1024x768.jpg\" alt=\"\" class=\"wp-image-564 size-large\" srcset=\"https:\/\/beewild.be\/wp-content\/uploads\/2023\/01\/Atelier-Nichoirs-Mangeoire-HaI-1-1024x768.jpg 1024w, https:\/\/beewild.be\/wp-content\/uploads\/2023\/01\/Atelier-Nichoirs-Mangeoire-HaI-1-300x225.jpg 300w, https:\/\/beewild.be\/wp-content\/uploads\/2023\/01\/Atelier-Nichoirs-Mangeoire-HaI-1-768x576.jpg 768w, https:\/\/beewild.be\/wp-content\/uploads\/2023\/01\/Atelier-Nichoirs-Mangeoire-HaI-1-1536x1152.jpg 1536w, https:\/\/beewild.be\/wp-content\/uploads\/2023\/01\/Atelier-Nichoirs-Mangeoire-HaI-1-400x300.jpg 400w, https:\/\/beewild.be\/wp-content\/uploads\/2023\/01\/Atelier-Nichoirs-Mangeoire-HaI-1.jpg 2000w\" sizes=\"auto, (max-width: 1024px) 100vw, 1024px\" \/><\/figure><div class=\"wp-block-media-text__content\">\n<p>Nous proposons des nichoirs pour les m\u00e9sanges, les passereaux et les oiseaux semi-cavernicoles comme le rouge-gorge par exemple, con\u00e7us pour un maximum de durabilit\u00e9, ainsi que des mangeoires.<\/p>\n\n\n\n<p>Vous aurez le plaisir d&rsquo;y observer les oiseaux faire des nich\u00e9es au printemps, et se nourrir durant l\u2019hiver pendant de nombreuses ann\u00e9es.<\/p>\n\n\n\n<p>Nous pouvons vous les livrer et les installer, ou venir les chercher \u00e0 Bruxelles ou \u00e0 l&rsquo;atelier situ\u00e9 en wallonie.\u00a0<\/p>\n<\/div><\/div>\n\n\n\n<div style=\"height:60px\" aria-hidden=\"true\" class=\"wp-block-spacer\"><\/div>\n<\/div><\/div>\n\n\n\n<section class=\"wp-block-group\"><div class=\"wp-block-group__inner-container is-layout-constrained wp-block-group-is-layout-constrained\">\n<h2 class=\"wp-block-heading has-large-font-size\"><strong>Nos mod\u00e8les<\/strong><\/h2>\n\n\n\n<div class=\"wp-block-columns is-layout-flex wp-container-core-columns-is-layout-9d6595d7 wp-block-columns-is-layout-flex\">\n<div class=\"wp-block-column is-vertically-aligned-stretch is-layout-flow wp-block-column-is-layout-flow\">\n<h3 class=\"wp-block-heading has-text-align-center\">Nichoir \u00e0 m\u00e9sanges<\/h3>\n\n\n\n<figure data-wp-context=\"{&quot;imageId&quot;:&quot;69f35d275524f&quot;}\" data-wp-interactive=\"core\/image\" data-wp-key=\"69f35d275524f\" class=\"wp-block-image size-large wp-lightbox-container\"><img loading=\"lazy\" decoding=\"async\" width=\"768\" height=\"1024\" data-wp-class--hide=\"state.isContentHidden\" data-wp-class--show=\"state.isContentVisible\" data-wp-init=\"callbacks.setButtonStyles\" data-wp-on--click=\"actions.showLightbox\" data-wp-on--load=\"callbacks.setButtonStyles\" data-wp-on-window--resize=\"callbacks.setButtonStyles\" src=\"https:\/\/beewild.be\/wp-content\/uploads\/2023\/12\/20230301_144559-768x1024.jpg\" alt=\"Nichoir\" class=\"wp-image-709\" style=\"aspect-ratio:1;object-fit:cover\" srcset=\"https:\/\/beewild.be\/wp-content\/uploads\/2023\/12\/20230301_144559-768x1024.jpg 768w, https:\/\/beewild.be\/wp-content\/uploads\/2023\/12\/20230301_144559-225x300.jpg 225w, https:\/\/beewild.be\/wp-content\/uploads\/2023\/12\/20230301_144559-1152x1536.jpg 1152w, https:\/\/beewild.be\/wp-content\/uploads\/2023\/12\/20230301_144559-1536x2048.jpg 1536w, https:\/\/beewild.be\/wp-content\/uploads\/2023\/12\/20230301_144559-scaled.jpg 1920w\" sizes=\"auto, (max-width: 768px) 100vw, 768px\" \/><button\n\t\t\tclass=\"lightbox-trigger\"\n\t\t\ttype=\"button\"\n\t\t\taria-haspopup=\"dialog\"\n\t\t\taria-label=\"Agrandir\"\n\t\t\tdata-wp-init=\"callbacks.initTriggerButton\"\n\t\t\tdata-wp-on--click=\"actions.showLightbox\"\n\t\t\tdata-wp-style--right=\"state.imageButtonRight\"\n\t\t\tdata-wp-style--top=\"state.imageButtonTop\"\n\t\t>\n\t\t\t<svg xmlns=\"http:\/\/www.w3.org\/2000\/svg\" width=\"12\" height=\"12\" fill=\"none\" viewBox=\"0 0 12 12\">\n\t\t\t\t<path fill=\"#fff\" d=\"M2 0a2 2 0 0 0-2 2v2h1.5V2a.5.5 0 0 1 .5-.5h2V0H2Zm2 10.5H2a.5.5 0 0 1-.5-.5V8H0v2a2 2 0 0 0 2 2h2v-1.5ZM8 12v-1.5h2a.5.5 0 0 0 .5-.5V8H12v2a2 2 0 0 1-2 2H8Zm2-12a2 2 0 0 1 2 2v2h-1.5V2a.5.5 0 0 0-.5-.5H8V0h2Z\" \/>\n\t\t\t<\/svg>\n\t\t<\/button><\/figure>\n\n\n\n<p>Nichoir pour les m\u00e9sanges et les passereaux en bois labellis\u00e9 FSC\/PEFC. Le toit est prot\u00e9g\u00e9 par une peinture \u00e9cologique, une protection en zinc, et le trou d&rsquo;envol est muni d&rsquo;une protection contre les pr\u00e9dateurs.<\/p>\n\n\n\n<div style=\"height:30px\" aria-hidden=\"true\" class=\"wp-block-spacer\"><\/div>\n\n\n\n<div class=\"wp-block-buttons is-content-justification-center is-layout-flex wp-container-core-buttons-is-layout-16018d1d wp-block-buttons-is-layout-flex\">\n<div class=\"wp-block-button\"><a class=\"wp-block-button__link has-white-color has-text-color has-background has-link-color has-text-align-center wp-element-button\" href=\"https:\/\/beewild.be\/index.php\/contact\/\" style=\"border-radius:30px;background-color:#3f873e\">Commander<\/a><\/div>\n<\/div>\n<\/div>\n\n\n\n<div class=\"wp-block-column is-vertically-aligned-stretch is-layout-flow wp-block-column-is-layout-flow\">\n<h3 class=\"wp-block-heading has-text-align-center\">Nichoir pour oiseaux semi-cavernicoles<\/h3>\n\n\n\n<figure class=\"wp-block-image size-large\"><img loading=\"lazy\" decoding=\"async\" width=\"1024\" height=\"768\" src=\"https:\/\/beewild.be\/wp-content\/uploads\/2023\/12\/Nichoir-semi-ouvert-1-S-2-1024x768.jpg\" alt=\"Nichoir pour les oiseaux semi-cavernicoles\" class=\"wp-image-793\" style=\"aspect-ratio:1;object-fit:cover\" srcset=\"https:\/\/beewild.be\/wp-content\/uploads\/2023\/12\/Nichoir-semi-ouvert-1-S-2-1024x768.jpg 1024w, https:\/\/beewild.be\/wp-content\/uploads\/2023\/12\/Nichoir-semi-ouvert-1-S-2-300x225.jpg 300w, https:\/\/beewild.be\/wp-content\/uploads\/2023\/12\/Nichoir-semi-ouvert-1-S-2-768x576.jpg 768w, https:\/\/beewild.be\/wp-content\/uploads\/2023\/12\/Nichoir-semi-ouvert-1-S-2-1536x1152.jpg 1536w, https:\/\/beewild.be\/wp-content\/uploads\/2023\/12\/Nichoir-semi-ouvert-1-S-2-400x300.jpg 400w, https:\/\/beewild.be\/wp-content\/uploads\/2023\/12\/Nichoir-semi-ouvert-1-S-2.jpg 1920w\" sizes=\"auto, (max-width: 1024px) 100vw, 1024px\" \/><\/figure>\n\n\n\n<p>Nichoir pour les oiseaux semi-cavernicoles en bois labellis\u00e9 FSC\/PEFC: il pourra accueillir le rouge-gorge, le troglodyte mignon, la bergeronnette grise, le gobemouche gris, le merle ou le rouge-queue noir, par exemple. <\/p>\n\n\n\n<div style=\"height:30px\" aria-hidden=\"true\" class=\"wp-block-spacer\"><\/div>\n\n\n\n<div class=\"wp-block-buttons is-content-justification-center is-layout-flex wp-container-core-buttons-is-layout-16018d1d wp-block-buttons-is-layout-flex\">\n<div class=\"wp-block-button\"><a class=\"wp-block-button__link has-white-color has-text-color has-background has-link-color has-text-align-center wp-element-button\" href=\"https:\/\/beewild.be\/index.php\/contact\/\" style=\"border-radius:30px;background-color:#3f873e\">Commander<\/a><\/div>\n<\/div>\n<\/div>\n<\/div>\n\n\n\n<div style=\"height:60px\" aria-hidden=\"true\" class=\"wp-block-spacer\"><\/div>\n\n\n\n<div class=\"wp-block-columns is-layout-flex wp-container-core-columns-is-layout-9d6595d7 wp-block-columns-is-layout-flex\">\n<div class=\"wp-block-column is-vertically-aligned-stretch is-layout-flow wp-block-column-is-layout-flow\" style=\"flex-basis:50%\">\n<h3 class=\"wp-block-heading has-text-align-center\">Mangeoire<\/h3>\n\n\n\n<figure class=\"wp-block-image size-full\"><img loading=\"lazy\" decoding=\"async\" width=\"2048\" height=\"1366\" src=\"https:\/\/beewild.be\/wp-content\/uploads\/2024\/02\/355141814_245973281470854_796299389006031293_n.jpg\" alt=\"Mangeoire\" class=\"wp-image-872\" style=\"aspect-ratio:1;object-fit:cover\" srcset=\"https:\/\/beewild.be\/wp-content\/uploads\/2024\/02\/355141814_245973281470854_796299389006031293_n.jpg 2048w, https:\/\/beewild.be\/wp-content\/uploads\/2024\/02\/355141814_245973281470854_796299389006031293_n-300x200.jpg 300w, https:\/\/beewild.be\/wp-content\/uploads\/2024\/02\/355141814_245973281470854_796299389006031293_n-1024x683.jpg 1024w, https:\/\/beewild.be\/wp-content\/uploads\/2024\/02\/355141814_245973281470854_796299389006031293_n-768x512.jpg 768w, https:\/\/beewild.be\/wp-content\/uploads\/2024\/02\/355141814_245973281470854_796299389006031293_n-1536x1025.jpg 1536w\" sizes=\"auto, (max-width: 2048px) 100vw, 2048px\" \/><\/figure>\n\n\n\n<p>Mangeoire \u00e0 suspendre ou \u00e0 poser sur un poteau, facile \u00e0 nettoyer et durable.<\/p>\n\n\n\n<div style=\"height:30px\" aria-hidden=\"true\" class=\"wp-block-spacer\"><\/div>\n\n\n\n<div class=\"wp-block-buttons is-content-justification-center is-layout-flex wp-container-core-buttons-is-layout-16018d1d wp-block-buttons-is-layout-flex\">\n<div class=\"wp-block-button\"><a class=\"wp-block-button__link has-white-color has-text-color has-background has-link-color has-text-align-center wp-element-button\" href=\"https:\/\/beewild.be\/index.php\/contact\/\" style=\"border-radius:30px;background-color:#3f873e\">Commander<\/a><\/div>\n<\/div>\n<\/div>\n\n\n\n<div class=\"wp-block-column is-vertically-aligned-stretch is-layout-flow wp-block-column-is-layout-flow\" style=\"flex-basis:50%\">\n<h3 class=\"wp-block-heading has-text-align-center\">Nichoir en kit<\/h3>\n\n\n\n<figure class=\"wp-block-image size-full\"><img loading=\"lazy\" decoding=\"async\" width=\"1920\" height=\"2560\" src=\"https:\/\/beewild.be\/wp-content\/uploads\/2023\/12\/20230402_195833-scaled.jpg\" alt=\"Nichoir \u00e0 m\u00e9sanges\" class=\"wp-image-787\" style=\"aspect-ratio:1;object-fit:cover\" srcset=\"https:\/\/beewild.be\/wp-content\/uploads\/2023\/12\/20230402_195833-scaled.jpg 1920w, https:\/\/beewild.be\/wp-content\/uploads\/2023\/12\/20230402_195833-225x300.jpg 225w, https:\/\/beewild.be\/wp-content\/uploads\/2023\/12\/20230402_195833-768x1024.jpg 768w, https:\/\/beewild.be\/wp-content\/uploads\/2023\/12\/20230402_195833-1152x1536.jpg 1152w, https:\/\/beewild.be\/wp-content\/uploads\/2023\/12\/20230402_195833-1536x2048.jpg 1536w\" sizes=\"auto, (max-width: 1920px) 100vw, 1920px\" \/><\/figure>\n\n\n\n<p>Nichoir en kit au choix parmi les mod\u00e8les propos\u00e9s.<\/p>\n\n\n\n<div style=\"height:30px\" aria-hidden=\"true\" class=\"wp-block-spacer\"><\/div>\n\n\n\n<div class=\"wp-block-buttons is-content-justification-center is-layout-flex wp-container-core-buttons-is-layout-16018d1d wp-block-buttons-is-layout-flex\">\n<div class=\"wp-block-button\"><a class=\"wp-block-button__link has-white-color has-text-color has-background has-link-color has-text-align-center wp-element-button\" href=\"https:\/\/beewild.be\/index.php\/contact\/\" style=\"border-radius:30px;background-color:#3f873e\">Commander<\/a><\/div>\n<\/div>\n<\/div>\n<\/div>\n<\/div><\/section>\n\n\n\n<div style=\"height:60px\" aria-hidden=\"true\" class=\"wp-block-spacer\"><\/div>\n\n\n\n<div class=\"wp-block-group alignfull has-text-color has-background\" style=\"color:#000000;background-color:#ffffff\"><div class=\"wp-block-group__inner-container is-layout-flow wp-block-group-is-layout-flow\">\n<div class=\"wp-block-group\"><div class=\"wp-block-group__inner-container is-layout-constrained wp-block-group-is-layout-constrained\">\n<h2 class=\"wp-block-heading has-text-align-center has-medium-font-size\"><\/h2>\n\n\n\n<h2 class=\"wp-block-heading has-text-align-center has-text-color has-link-color wp-elements-b7262cb88e843b37f2457b611412239a\" id=\"schedule-a-visit\" style=\"color:#3f873e;font-size:59px;line-height:1.15\"><strong>Pour toute commande ou demande particuli\u00e8re:<\/strong><\/h2>\n\n\n\n<div style=\"height:30px\" aria-hidden=\"true\" class=\"wp-block-spacer\"><\/div>\n\n\n\n<div class=\"wp-block-buttons is-horizontal is-content-justification-center is-layout-flex wp-container-core-buttons-is-layout-499968f5 wp-block-buttons-is-layout-flex\">\n<div class=\"wp-block-button has-custom-width wp-block-button__width-75\"><a class=\"wp-block-button__link has-text-color has-background wp-element-button\" href=\"https:\/\/beewild.be\/index.php\/contact\/\" style=\"border-radius:30px;color:#ffffff;background-color:#3f873e\">Contactez-nous<\/a><\/div>\n<\/div>\n\n\n\n<div style=\"height:50px\" aria-hidden=\"true\" class=\"wp-block-spacer\"><\/div>\n<\/div><\/div>\n<\/div><\/div>\n","protected":false},"excerpt":{"rendered":"<p>Nous proposons des nichoirs pour les m\u00e9sanges, les passereaux et les oiseaux semi-cavernicoles comme le rouge-gorge par exemple, con\u00e7us pour un maximum de durabilit\u00e9, ainsi que des mangeoires. Vous aurez le plaisir d&rsquo;y observer les oiseaux faire des nich\u00e9es au printemps, et se nourrir durant l\u2019hiver pendant de nombreuses ann\u00e9es. Nous pouvons vous les livrer&#8230; <\/p>\n<div class=\"clear\"><\/div>\n<p><a href=\"https:\/\/beewild.be\/index.php\/nichoirs-et-mangeoires\/\" class=\"excerpt-read-more\">Read More<\/a><\/p>\n","protected":false},"author":2,"featured_media":0,"parent":0,"menu_order":0,"comment_status":"closed","ping_status":"closed","template":"","meta":{"footnotes":""},"class_list":["post-1306","page","type-page","status-publish","hentry"],"_links":{"self":[{"href":"https:\/\/beewild.be\/index.php\/wp-json\/wp\/v2\/pages\/1306","targetHints":{"allow":["GET"]}}],"collection":[{"href":"https:\/\/beewild.be\/index.php\/wp-json\/wp\/v2\/pages"}],"about":[{"href":"https:\/\/beewild.be\/index.php\/wp-json\/wp\/v2\/types\/page"}],"author":[{"embeddable":true,"href":"https:\/\/beewild.be\/index.php\/wp-json\/wp\/v2\/users\/2"}],"replies":[{"embeddable":true,"href":"https:\/\/beewild.be\/index.php\/wp-json\/wp\/v2\/comments?post=1306"}],"version-history":[{"count":9,"href":"https:\/\/beewild.be\/index.php\/wp-json\/wp\/v2\/pages\/1306\/revisions"}],"predecessor-version":[{"id":1591,"href":"https:\/\/beewild.be\/index.php\/wp-json\/wp\/v2\/pages\/1306\/revisions\/1591"}],"wp:attachment":[{"href":"https:\/\/beewild.be\/index.php\/wp-json\/wp\/v2\/media?parent=1306"}],"curies":[{"name":"wp","href":"https:\/\/api.w.org\/{rel}","templated":true}]}}