{"id":16,"date":"2022-03-25T10:39:16","date_gmt":"2022-03-25T10:39:16","guid":{"rendered":"https:\/\/beewild.be\/?page_id=16"},"modified":"2024-04-09T03:33:33","modified_gmt":"2024-04-09T01:33:33","slug":"accueil","status":"publish","type":"page","link":"https:\/\/beewild.be\/","title":{"rendered":"Accueil"},"content":{"rendered":"\n<p class=\"has-x-large-font-size\"><strong>Bonjour. Saviez-vous que vous pouvez prot\u00e9ger les abeilles sauvages et la biodiversit\u00e9, tout en am\u00e9liorant votre alimentation et votre sant\u00e9 ?<\/strong><\/p>\n\n\n\n<div style=\"height:72px\" aria-hidden=\"true\" class=\"wp-block-spacer\"><\/div>\n\n\n\n<h1 class=\"wp-block-heading has-medium-font-size\"><strong> <\/strong><\/h1>\n\n\n\n<div class=\"wp-block-media-text has-media-on-the-right is-stacked-on-mobile is-image-fill\" style=\"grid-template-columns:auto 53%\"><div class=\"wp-block-media-text__content\">\n<p class=\"has-medium-font-size\"><strong>Beewild propose de vous aider \u00e0 r\u00e9aliser votre projet sur mesure adapt\u00e9 \u00e0 votre espace.  <\/strong><\/p>\n\n\n\n<p>Gr\u00e2ce \u00e0 nos am\u00e9nagements paysagers, nos bacs ou couches de plantation, nos abris pour les pollinisateurs et les oiseaux, cr\u00e9ez un lieu accueillant et b\u00e9n\u00e9fique, tout en contribuant \u00e0 la pr\u00e9servation des pollinisateurs et de la nature<strong>.<\/strong><\/p>\n\n\n\n<p>Faites de votre balcon ou terrasse, votre jardin, verger, \u00e9cole ou espace vert un ilot de nature contribuant \u00e0 la pr\u00e9servation des abeilles sauvages et de la&nbsp;biodiversit\u00e9. <\/p>\n\n\n\n<p>Vous pourrez y faire pousser des fleurs mellif\u00e8res, et y cultiver vos propres plantes aromatiques, m\u00e9dicinales, vos fruits et vos l\u00e9gumes.<\/p>\n\n\n\n<p>Nos connaissances en mati\u00e8re d&rsquo;environnement, de travail du bois et en am\u00e9nagement paysager nous permettent de vous accompagner dans votre projet.<\/p>\n<\/div><figure class=\"wp-block-media-text__media\" style=\"background-image:url(https:\/\/beewild.be\/wp-content\/uploads\/2022\/12\/Brutopia-hai-2-1024x683.jpg);background-position:51% 53%\"><img loading=\"lazy\" decoding=\"async\" width=\"1024\" height=\"683\" src=\"https:\/\/beewild.be\/wp-content\/uploads\/2022\/12\/Brutopia-hai-2-1024x683.jpg\" alt=\"\" class=\"wp-image-557 size-large\" srcset=\"https:\/\/beewild.be\/wp-content\/uploads\/2022\/12\/Brutopia-hai-2-1024x683.jpg 1024w, https:\/\/beewild.be\/wp-content\/uploads\/2022\/12\/Brutopia-hai-2-300x200.jpg 300w, https:\/\/beewild.be\/wp-content\/uploads\/2022\/12\/Brutopia-hai-2-768x512.jpg 768w, https:\/\/beewild.be\/wp-content\/uploads\/2022\/12\/Brutopia-hai-2-1536x1024.jpg 1536w, https:\/\/beewild.be\/wp-content\/uploads\/2022\/12\/Brutopia-hai-2-2048x1365.jpg 2048w\" sizes=\"auto, (max-width: 1024px) 100vw, 1024px\" \/><\/figure><\/div>\n\n\n\n<div style=\"height:30px\" aria-hidden=\"true\" class=\"wp-block-spacer\"><\/div>\n\n\n\n<div class=\"wp-block-buttons is-content-justification-center is-layout-flex wp-container-core-buttons-is-layout-16018d1d wp-block-buttons-is-layout-flex\">\n<div class=\"wp-block-button has-custom-width wp-block-button__width-50\"><a class=\"wp-block-button__link has-white-color has-text-color has-background has-link-color has-text-align-center wp-element-button\" href=\"https:\/\/beewild.be\/index.php\/graines-biologiques\/\" style=\"border-radius:30px;background-color:#3f873e\">Contactez-nous<\/a><\/div>\n<\/div>\n\n\n\n<div style=\"height:100px\" aria-hidden=\"true\" class=\"wp-block-spacer\"><\/div>\n\n\n\n<hr class=\"wp-block-separator has-text-color has-alpha-channel-opacity has-background is-style-default\" style=\"background-color:#f3f3f3;color:#f3f3f3\"\/>\n\n\n\n<section class=\"wp-block-group\"><div class=\"wp-block-group__inner-container is-layout-constrained wp-block-group-is-layout-constrained\">\n<h2 class=\"wp-block-heading has-large-font-size\">Concr\u00e8tement, Beewild propose<\/h2>\n\n\n\n<div class=\"wp-block-group\"><div class=\"wp-block-group__inner-container is-layout-constrained wp-block-group-is-layout-constrained\">\n<h3 class=\"wp-block-heading\"><a href=\"https:\/\/beewild.be\/index.php\/amenagements-de-jardins\/\" data-type=\"link\" data-id=\"https:\/\/beewild.be\/index.php\/amenagements-de-jardins\/\">Des am\u00e9nagements de jardin et paysagers&nbsp;<\/a><\/h3>\n\n\n\n<p>Nous proposons de transformer votre jardin ou espace vert en un lieu accueillant pour la biodiversit\u00e9, tout en lui donnant de la valeur en terme de bien \u00eatre qu&rsquo;apporte le contact avec les plantes et la nature.<\/p>\n\n\n\n<p>Nous proposons d&rsquo;int\u00e9grer \u00e0 votre projet des <a href=\"https:\/\/beewild.be\/index.php\/bacs-et-couches-de-plantation\/\" data-type=\"page\" data-id=\"1143\">bacs de plantation<\/a> sur mesure, des <a href=\"https:\/\/beewild.be\/index.php\/bacs-et-couches-de-plantation\/\">couches de&nbsp;culture<\/a>, des <a href=\"https:\/\/beewild.be\/index.php\/les-hotels-a-insectes\/\" data-type=\"page\" data-id=\"317\">h\u00f4tels \u00e0 insectes<\/a> ou encore des <a href=\"https:\/\/beewild.be\/index.php\/nichoirs-et-mangeoires\/\" data-type=\"page\" data-id=\"1306\">nichoirs et mangeoires<\/a>.<\/p>\n\n\n\n<div class=\"wp-block-media-text is-stacked-on-mobile is-image-fill\" style=\"grid-template-columns:55% auto\"><figure class=\"wp-block-media-text__media\" style=\"background-image:url(https:\/\/beewild.be\/wp-content\/uploads\/2023\/12\/Nichoir-maison-Schaerbeek-2023-S-3-1024x768.jpg);background-position:50% 50%\"><img loading=\"lazy\" decoding=\"async\" width=\"1024\" height=\"768\" src=\"https:\/\/beewild.be\/wp-content\/uploads\/2023\/12\/Nichoir-maison-Schaerbeek-2023-S-3-1024x768.jpg\" alt=\"Nichoir maison Schaerbeek\" class=\"wp-image-794 size-full\" srcset=\"https:\/\/beewild.be\/wp-content\/uploads\/2023\/12\/Nichoir-maison-Schaerbeek-2023-S-3-1024x768.jpg 1024w, https:\/\/beewild.be\/wp-content\/uploads\/2023\/12\/Nichoir-maison-Schaerbeek-2023-S-3-300x225.jpg 300w, https:\/\/beewild.be\/wp-content\/uploads\/2023\/12\/Nichoir-maison-Schaerbeek-2023-S-3-768x576.jpg 768w, https:\/\/beewild.be\/wp-content\/uploads\/2023\/12\/Nichoir-maison-Schaerbeek-2023-S-3-1536x1152.jpg 1536w, https:\/\/beewild.be\/wp-content\/uploads\/2023\/12\/Nichoir-maison-Schaerbeek-2023-S-3-400x300.jpg 400w, https:\/\/beewild.be\/wp-content\/uploads\/2023\/12\/Nichoir-maison-Schaerbeek-2023-S-3.jpg 1920w\" sizes=\"auto, (max-width: 1024px) 100vw, 1024px\" \/><\/figure><div class=\"wp-block-media-text__content\">\n<p>Tout projet faisant appel \u00e0 des menuiseries ext\u00e9rieures en bois peut \u00eatre envisag\u00e9 : terrasse en bois, pergola, bac \u00e0 compost, r\u00e9cup\u00e9ration d\u2019eau de pluie, bancs, abris de jardin, etc.<\/p>\n\n\n\n<p>En associant les h\u00f4tels \u00e0 insectes avec des plantes ornementales ou comestibles riches en pollen et en nectar, vous attirerez les insectes pollinisateurs et auxiliaires du jardinier, qui permettront \u00e0 un \u00e9quilibre naturel de se cr\u00e9er et d&rsquo;avoir ainsi un jardin \u00e0 la fois sain, r\u00e9silient, naturel, et nourricier.<\/p>\n\n\n\n<div class=\"wp-block-buttons is-content-justification-center is-layout-flex wp-container-core-buttons-is-layout-16018d1d wp-block-buttons-is-layout-flex\">\n<div class=\"wp-block-button\"><a class=\"wp-block-button__link has-white-color has-text-color has-background has-link-color has-text-align-center wp-element-button\" href=\"https:\/\/beewild.be\/index.php\/amenagements-de-jardins\/\" style=\"border-radius:30px;background-color:#3f873e\">En savoir plus<\/a><\/div>\n<\/div>\n<\/div><\/div>\n\n\n\n<div style=\"height:60px\" aria-hidden=\"true\" class=\"wp-block-spacer\"><\/div>\n<\/div><\/div>\n\n\n\n<div class=\"wp-block-columns is-layout-flex wp-container-core-columns-is-layout-9d6595d7 wp-block-columns-is-layout-flex\">\n<div class=\"wp-block-column is-vertically-aligned-stretch is-layout-flow wp-block-column-is-layout-flow\">\n<h3 class=\"wp-block-heading has-text-align-center\"><a href=\"https:\/\/beewild.be\/index.php\/les-hotels-a-insectes\/\" data-type=\"page\" data-id=\"312\">H\u00f4tels \u00e0 insectes<\/a><\/h3>\n\n\n\n<figure class=\"wp-block-image size-large\"><a href=\"https:\/\/beewild.be\/index.php\/les-hotels-a-insectes\/\"><img loading=\"lazy\" decoding=\"async\" width=\"1024\" height=\"768\" src=\"https:\/\/beewild.be\/wp-content\/uploads\/2023\/12\/20230713_135842-1024x768.jpg\" alt=\"\" class=\"wp-image-698\" style=\"aspect-ratio:1;object-fit:cover\" srcset=\"https:\/\/beewild.be\/wp-content\/uploads\/2023\/12\/20230713_135842-1024x768.jpg 1024w, https:\/\/beewild.be\/wp-content\/uploads\/2023\/12\/20230713_135842-300x225.jpg 300w, https:\/\/beewild.be\/wp-content\/uploads\/2023\/12\/20230713_135842-768x576.jpg 768w, https:\/\/beewild.be\/wp-content\/uploads\/2023\/12\/20230713_135842-1536x1152.jpg 1536w, https:\/\/beewild.be\/wp-content\/uploads\/2023\/12\/20230713_135842-2048x1536.jpg 2048w, https:\/\/beewild.be\/wp-content\/uploads\/2023\/12\/20230713_135842-400x300.jpg 400w\" sizes=\"auto, (max-width: 1024px) 100vw, 1024px\" \/><\/a><\/figure>\n\n\n\n<div style=\"height:30px\" aria-hidden=\"true\" class=\"wp-block-spacer\"><\/div>\n\n\n\n<p>Des h\u00f4tels \u00e0 insectes de diff\u00e9rentes tailles adapt\u00e9s \u00e0 votre espace. <\/p>\n\n\n\n<p>Ils attireront les abeilles sauvages, ainsi que d&rsquo;autres pollinisateurs et insectes auxiliaires qui r\u00e9guleront naturellement les ravageurs de culture comme les pucerons par exemple.<\/p>\n\n\n\n<p>Tous les insectes qu&rsquo;ils peuvent abriter sont \u00e0 la fois tr\u00e8s utiles, totalement inoffensifs et pacifiques, ce qui permet d&rsquo;en installer aussi bien dans des jardins, sur des terrasses en ville, dans des \u00e9coles ou encore des espaces publics. <\/p>\n\n\n\n<div class=\"wp-block-buttons is-content-justification-center is-layout-flex wp-container-core-buttons-is-layout-16018d1d wp-block-buttons-is-layout-flex\">\n<div class=\"wp-block-button\"><a class=\"wp-block-button__link has-white-color has-text-color has-background has-link-color has-text-align-center wp-element-button\" href=\"https:\/\/beewild.be\/index.php\/les-hotels-a-insectes\/\" style=\"border-radius:30px;background-color:#3f873e\">En savoir plus<\/a><\/div>\n<\/div>\n<\/div>\n\n\n\n<div class=\"wp-block-column is-vertically-aligned-stretch is-layout-flow wp-block-column-is-layout-flow\">\n<h3 class=\"wp-block-heading has-text-align-center\"><a href=\"https:\/\/beewild.be\/index.php\/nichoirs-et-mangeoires\/\" data-type=\"page\" data-id=\"312\">Nichoirs et mangeoires<\/a><\/h3>\n\n\n\n<figure class=\"wp-block-image size-large\"><img loading=\"lazy\" decoding=\"async\" width=\"1024\" height=\"683\" src=\"https:\/\/beewild.be\/wp-content\/uploads\/2024\/02\/355141814_245973281470854_796299389006031293_n-1024x683.jpg\" alt=\"Mangeoire\" class=\"wp-image-872\" style=\"aspect-ratio:1;object-fit:cover\" srcset=\"https:\/\/beewild.be\/wp-content\/uploads\/2024\/02\/355141814_245973281470854_796299389006031293_n-1024x683.jpg 1024w, https:\/\/beewild.be\/wp-content\/uploads\/2024\/02\/355141814_245973281470854_796299389006031293_n-300x200.jpg 300w, https:\/\/beewild.be\/wp-content\/uploads\/2024\/02\/355141814_245973281470854_796299389006031293_n-768x512.jpg 768w, https:\/\/beewild.be\/wp-content\/uploads\/2024\/02\/355141814_245973281470854_796299389006031293_n-1536x1025.jpg 1536w, https:\/\/beewild.be\/wp-content\/uploads\/2024\/02\/355141814_245973281470854_796299389006031293_n.jpg 2048w\" sizes=\"auto, (max-width: 1024px) 100vw, 1024px\" \/><\/figure>\n\n\n\n<div style=\"height:30px\" aria-hidden=\"true\" class=\"wp-block-spacer\"><\/div>\n\n\n\n<p>Nos nichoirs serviront d&rsquo;abris et de sites de ponte aux esp\u00e8ces d&rsquo;oiseaux cavernicoles et semi-cavernicoles, comme par exemple les m\u00e9sanges ou les rouges-gorges.<\/p>\n\n\n\n<p>Ces esp\u00e8ces ne trouvent souvent plus suffisamment de cavit\u00e9s de par l&rsquo;artificialisation des milieux et l&rsquo;abattage des vieux arbres.<\/p>\n\n\n\n<p>Or elles sont tr\u00e8s utiles pour contr\u00f4ler les insectes nuisibles comme certaines chenilles, et sont donc au m\u00eame titre que les pollinisateurs et les insectes auxiliaires des alli\u00e9es indispensables des jardiniers.<\/p>\n\n\n\n<div class=\"wp-block-buttons is-content-justification-center is-layout-flex wp-container-core-buttons-is-layout-16018d1d wp-block-buttons-is-layout-flex\">\n<div class=\"wp-block-button\"><a class=\"wp-block-button__link has-white-color has-text-color has-background has-link-color has-text-align-center wp-element-button\" href=\"https:\/\/beewild.be\/index.php\/nichoirs-et-mangeoires\/\" style=\"border-radius:30px;background-color:#3f873e\">En savoir plus<\/a><\/div>\n<\/div>\n<\/div>\n<\/div>\n\n\n\n<div style=\"height:60px\" aria-hidden=\"true\" class=\"wp-block-spacer\"><\/div>\n<\/div><\/section>\n\n\n\n<div class=\"wp-block-media-text has-media-on-the-right is-stacked-on-mobile is-image-fill\"><div class=\"wp-block-media-text__content\">\n<h3 class=\"wp-block-heading\">Autres r\u00e9alisations possibles sur demande<\/h3>\n\n\n\n<ul class=\"wp-block-list\">\n<li class=\"has-medium-font-size\">sandarium pour abeilles sauvages terricoles,<\/li>\n\n\n\n<li class=\"has-medium-font-size\">drink station qui sert d&rsquo;abreuvoir, de lieu pour se laver, et de point d&rsquo;observation pour les oiseaux,<\/li>\n\n\n\n<li class=\"has-medium-font-size\">g\u00eete \u00e0 chauves-souris, <\/li>\n\n\n\n<li class=\"has-medium-font-size\">etc.<\/li>\n<\/ul>\n\n\n\n<h3 class=\"wp-block-heading\">Ateliers pratiques et p\u00e9dagogiques<\/h3>\n\n\n\n<p class=\"has-medium-font-size\">Dans le cadre de nos projets, nous pouvons proposer des ateliers pratiques et p\u00e9dagogiques sur la biodiversit\u00e9, les pollinisateurs, ainsi que le lien entre votre sant\u00e9 et celle de la nature. <\/p>\n\n\n\n<p class=\"has-medium-font-size\">La sensibilisation est tr\u00e8s importante pour toutes les g\u00e9n\u00e9rations, que ce soit lors d\u2019\u00e9v\u00e9nements ou l\u2019installation de nos r\u00e9alisations dans votre \u00e9cole, votre entreprise, votre commune ou espace&nbsp;vert.<\/p>\n<\/div><figure class=\"wp-block-media-text__media\" style=\"background-image:url(https:\/\/beewild.be\/wp-content\/uploads\/2024\/02\/Hotel-a-insectes-Ecole-du-Verrewinkel-2-1024x768.jpg);background-position:41% 56%\"><img loading=\"lazy\" decoding=\"async\" width=\"1024\" height=\"768\" src=\"https:\/\/beewild.be\/wp-content\/uploads\/2024\/02\/Hotel-a-insectes-Ecole-du-Verrewinkel-2-1024x768.jpg\" alt=\"Hotel \u00e0 insectes - Ecole du Verrewinkel\" class=\"wp-image-873 size-large\" srcset=\"https:\/\/beewild.be\/wp-content\/uploads\/2024\/02\/Hotel-a-insectes-Ecole-du-Verrewinkel-2-1024x768.jpg 1024w, https:\/\/beewild.be\/wp-content\/uploads\/2024\/02\/Hotel-a-insectes-Ecole-du-Verrewinkel-2-300x225.jpg 300w, https:\/\/beewild.be\/wp-content\/uploads\/2024\/02\/Hotel-a-insectes-Ecole-du-Verrewinkel-2-768x576.jpg 768w, https:\/\/beewild.be\/wp-content\/uploads\/2024\/02\/Hotel-a-insectes-Ecole-du-Verrewinkel-2-1536x1152.jpg 1536w, https:\/\/beewild.be\/wp-content\/uploads\/2024\/02\/Hotel-a-insectes-Ecole-du-Verrewinkel-2-400x300.jpg 400w, https:\/\/beewild.be\/wp-content\/uploads\/2024\/02\/Hotel-a-insectes-Ecole-du-Verrewinkel-2.jpg 2000w\" sizes=\"auto, (max-width: 1024px) 100vw, 1024px\" \/><\/figure><\/div>\n\n\n\n<div style=\"height:60px\" aria-hidden=\"true\" class=\"wp-block-spacer\"><\/div>\n\n\n\n<p>Pour toute question, commande ou demande particuli\u00e8re, envoyez-nous un mail via la <a href=\"https:\/\/beewild.be\/index.php\/contact\/\" data-type=\"page\" data-id=\"931\">page contact\u00a0<\/a><br>Pour suivre Beewild, rendez-vous sur <a href=\"https:\/\/www.facebook.com\/PhilBeewild\/\" data-type=\"link\" data-id=\"https:\/\/www.facebook.com\/PhilBeewild\/\" target=\"_blank\" rel=\"noreferrer noopener\">facebook<\/a>. <br>Pour commander ou discuter avec nous de votre projet\u00a0: rendez-vous sur la page <a href=\"https:\/\/beewild.be\/index.php\/contact\/\" data-type=\"page\" data-id=\"931\">contact<\/a><\/p>\n\n\n\n<p>Merci, et bienvenue !&nbsp;<\/p>\n\n\n\n<div class=\"wp-block-group\"><div class=\"wp-block-group__inner-container is-layout-constrained wp-block-group-is-layout-constrained\">\n<div style=\"height:60px\" aria-hidden=\"true\" class=\"wp-block-spacer\"><\/div>\n<\/div><\/div>\n\n\n\n<div class=\"wp-block-group alignfull has-text-color has-background\" style=\"color:#000000;background-color:#ffffff\"><div class=\"wp-block-group__inner-container is-layout-flow wp-block-group-is-layout-flow\">\n<div class=\"wp-block-group\"><div class=\"wp-block-group__inner-container is-layout-constrained wp-block-group-is-layout-constrained\">\n<h2 class=\"wp-block-heading has-text-align-center has-medium-font-size\"><\/h2>\n\n\n\n<h2 class=\"wp-block-heading has-text-align-center has-text-color has-link-color wp-elements-b7262cb88e843b37f2457b611412239a\" id=\"schedule-a-visit\" style=\"color:#3f873e;font-size:59px;line-height:1.15\"><strong>Pour toute commande ou demande particuli\u00e8re:<\/strong><\/h2>\n\n\n\n<div style=\"height:30px\" aria-hidden=\"true\" class=\"wp-block-spacer\"><\/div>\n\n\n\n<div class=\"wp-block-buttons is-horizontal is-content-justification-center is-layout-flex wp-container-core-buttons-is-layout-499968f5 wp-block-buttons-is-layout-flex\">\n<div class=\"wp-block-button has-custom-width wp-block-button__width-75\"><a class=\"wp-block-button__link has-text-color has-background wp-element-button\" href=\"https:\/\/beewild.be\/index.php\/contact\/\" style=\"border-radius:30px;color:#ffffff;background-color:#3f873e\">Contactez-nous<\/a><\/div>\n<\/div>\n\n\n\n<div style=\"height:50px\" aria-hidden=\"true\" class=\"wp-block-spacer\"><\/div>\n<\/div><\/div>\n<\/div><\/div>\n","protected":false},"excerpt":{"rendered":"<p>Beewild est une entreprise artisanale situ\u00e9e en r\u00e9gion bruxelloise qui se consacre \u00e0 la sauvegarde des abeilles sauvages, des insectes pollinisateurs ou auxiliaires, et des oiseaux.<\/p>\n<p>Les pollinisateurs connaissent actuellement des taux d\u2019extinction de 100 \u00e0 1000 fois plus \u00e9lev\u00e9s que la normale. Or, ils sont \u00e0 la base de toute la biodiversit\u00e9, sont n\u00e9cessaires pour notre alimentation et bien d\u2019autres choses encore.<\/p>\n","protected":false},"author":1,"featured_media":0,"parent":0,"menu_order":0,"comment_status":"closed","ping_status":"closed","template":"","meta":{"footnotes":""},"class_list":["post-16","page","type-page","status-publish","hentry"],"_links":{"self":[{"href":"https:\/\/beewild.be\/index.php\/wp-json\/wp\/v2\/pages\/16","targetHints":{"allow":["GET"]}}],"collection":[{"href":"https:\/\/beewild.be\/index.php\/wp-json\/wp\/v2\/pages"}],"about":[{"href":"https:\/\/beewild.be\/index.php\/wp-json\/wp\/v2\/types\/page"}],"author":[{"embeddable":true,"href":"https:\/\/beewild.be\/index.php\/wp-json\/wp\/v2\/users\/1"}],"replies":[{"embeddable":true,"href":"https:\/\/beewild.be\/index.php\/wp-json\/wp\/v2\/comments?post=16"}],"version-history":[{"count":9,"href":"https:\/\/beewild.be\/index.php\/wp-json\/wp\/v2\/pages\/16\/revisions"}],"predecessor-version":[{"id":1633,"href":"https:\/\/beewild.be\/index.php\/wp-json\/wp\/v2\/pages\/16\/revisions\/1633"}],"wp:attachment":[{"href":"https:\/\/beewild.be\/index.php\/wp-json\/wp\/v2\/media?parent=16"}],"curies":[{"name":"wp","href":"https:\/\/api.w.org\/{rel}","templated":true}]}}