{"id":254,"date":"2022-03-30T01:41:48","date_gmt":"2022-03-30T01:41:48","guid":{"rendered":"https:\/\/beewild.be\/?page_id=254"},"modified":"2024-04-17T20:20:30","modified_gmt":"2024-04-17T18:20:30","slug":"photos-insectes","status":"publish","type":"page","link":"https:\/\/beewild.be\/index.php\/photos-insectes\/","title":{"rendered":"Les insectes en image"},"content":{"rendered":"\n<div class=\"wp-block-group\"><div class=\"wp-block-group__inner-container is-layout-flow wp-block-group-is-layout-flow\">\n<figure class=\"wp-block-gallery has-nested-images columns-default is-cropped wp-block-gallery-1 is-layout-flex wp-block-gallery-is-layout-flex\">\n<figure class=\"wp-block-image size-large\"><img loading=\"lazy\" decoding=\"async\" width=\"1024\" height=\"650\" data-id=\"589\" src=\"https:\/\/beewild.be\/wp-content\/uploads\/2023\/01\/wild-bee-gb4d25a01c_1920-1-1024x650.jpg\" alt=\"\" class=\"wp-image-589\" srcset=\"https:\/\/beewild.be\/wp-content\/uploads\/2023\/01\/wild-bee-gb4d25a01c_1920-1-1024x650.jpg 1024w, https:\/\/beewild.be\/wp-content\/uploads\/2023\/01\/wild-bee-gb4d25a01c_1920-1-300x190.jpg 300w, https:\/\/beewild.be\/wp-content\/uploads\/2023\/01\/wild-bee-gb4d25a01c_1920-1-768x487.jpg 768w, https:\/\/beewild.be\/wp-content\/uploads\/2023\/01\/wild-bee-gb4d25a01c_1920-1-1536x974.jpg 1536w, https:\/\/beewild.be\/wp-content\/uploads\/2023\/01\/wild-bee-gb4d25a01c_1920-1.jpg 1920w\" sizes=\"auto, (max-width: 1024px) 100vw, 1024px\" \/><figcaption class=\"wp-element-caption\">Osmie rousse &#8211; Abeille sauvage<\/figcaption><\/figure>\n\n\n\n<figure class=\"wp-block-image size-large\"><a href=\"https:\/\/beewild.be\/wp-content\/uploads\/2022\/03\/Syrphe-3-3.jpg\" target=\"_blank\" rel=\"noopener\"><img loading=\"lazy\" decoding=\"async\" width=\"2304\" height=\"1536\" data-id=\"174\" src=\"https:\/\/beewild.be\/wp-content\/uploads\/2022\/03\/Syrphe-3-3.jpg\" alt=\"\" class=\"wp-image-174\" srcset=\"https:\/\/beewild.be\/wp-content\/uploads\/2022\/03\/Syrphe-3-3.jpg 2304w, https:\/\/beewild.be\/wp-content\/uploads\/2022\/03\/Syrphe-3-3-300x200.jpg 300w, https:\/\/beewild.be\/wp-content\/uploads\/2022\/03\/Syrphe-3-3-1024x683.jpg 1024w, https:\/\/beewild.be\/wp-content\/uploads\/2022\/03\/Syrphe-3-3-768x512.jpg 768w, https:\/\/beewild.be\/wp-content\/uploads\/2022\/03\/Syrphe-3-3-1536x1024.jpg 1536w, https:\/\/beewild.be\/wp-content\/uploads\/2022\/03\/Syrphe-3-3-2048x1365.jpg 2048w\" sizes=\"auto, (max-width: 2304px) 100vw, 2304px\" \/><\/a><figcaption class=\"wp-element-caption\">Syrphe<\/figcaption><\/figure>\n\n\n\n<figure class=\"wp-block-image size-large\"><a href=\"https:\/\/beewild.be\/wp-content\/uploads\/2022\/03\/ladybird-4873126_1920-1.jpg\" target=\"_blank\" rel=\"noopener\"><img loading=\"lazy\" decoding=\"async\" width=\"1794\" height=\"1196\" data-id=\"206\" src=\"https:\/\/beewild.be\/wp-content\/uploads\/2022\/03\/ladybird-4873126_1920-1.jpg\" alt=\"\" class=\"wp-image-206\" srcset=\"https:\/\/beewild.be\/wp-content\/uploads\/2022\/03\/ladybird-4873126_1920-1.jpg 1794w, https:\/\/beewild.be\/wp-content\/uploads\/2022\/03\/ladybird-4873126_1920-1-300x200.jpg 300w, https:\/\/beewild.be\/wp-content\/uploads\/2022\/03\/ladybird-4873126_1920-1-1024x683.jpg 1024w, https:\/\/beewild.be\/wp-content\/uploads\/2022\/03\/ladybird-4873126_1920-1-768x512.jpg 768w, https:\/\/beewild.be\/wp-content\/uploads\/2022\/03\/ladybird-4873126_1920-1-1536x1024.jpg 1536w\" sizes=\"auto, (max-width: 1794px) 100vw, 1794px\" \/><\/a><figcaption class=\"wp-element-caption\">Larve de coccinelle\n<\/figcaption><\/figure>\n\n\n\n<figure class=\"wp-block-image size-large\"><a href=\"https:\/\/beewild.be\/wp-content\/uploads\/2022\/03\/MG_0125-3-scaled.jpg\" target=\"_blank\" rel=\"noopener\"><img loading=\"lazy\" decoding=\"async\" width=\"2560\" height=\"1706\" data-id=\"163\" src=\"https:\/\/beewild.be\/wp-content\/uploads\/2022\/03\/MG_0125-3-scaled.jpg\" alt=\" \" class=\"wp-image-163\" srcset=\"https:\/\/beewild.be\/wp-content\/uploads\/2022\/03\/MG_0125-3-scaled.jpg 2560w, https:\/\/beewild.be\/wp-content\/uploads\/2022\/03\/MG_0125-3-300x200.jpg 300w, https:\/\/beewild.be\/wp-content\/uploads\/2022\/03\/MG_0125-3-1024x683.jpg 1024w, https:\/\/beewild.be\/wp-content\/uploads\/2022\/03\/MG_0125-3-768x512.jpg 768w, https:\/\/beewild.be\/wp-content\/uploads\/2022\/03\/MG_0125-3-1536x1024.jpg 1536w, https:\/\/beewild.be\/wp-content\/uploads\/2022\/03\/MG_0125-3-2048x1365.jpg 2048w\" sizes=\"auto, (max-width: 2560px) 100vw, 2560px\" \/><\/a><figcaption class=\"wp-element-caption\">Papillon Belle Dame<\/figcaption><\/figure>\n\n\n\n<figure class=\"wp-block-image size-large\"><img loading=\"lazy\" decoding=\"async\" width=\"1024\" height=\"682\" data-id=\"592\" src=\"https:\/\/beewild.be\/wp-content\/uploads\/2023\/01\/Abeille-sauvage-2-visite-Apis-1024x682.jpg\" alt=\"\" class=\"wp-image-592\" srcset=\"https:\/\/beewild.be\/wp-content\/uploads\/2023\/01\/Abeille-sauvage-2-visite-Apis-1024x682.jpg 1024w, https:\/\/beewild.be\/wp-content\/uploads\/2023\/01\/Abeille-sauvage-2-visite-Apis-300x200.jpg 300w, https:\/\/beewild.be\/wp-content\/uploads\/2023\/01\/Abeille-sauvage-2-visite-Apis-768x512.jpg 768w, https:\/\/beewild.be\/wp-content\/uploads\/2023\/01\/Abeille-sauvage-2-visite-Apis-1536x1024.jpg 1536w, https:\/\/beewild.be\/wp-content\/uploads\/2023\/01\/Abeille-sauvage-2-visite-Apis-2048x1365.jpg 2048w\" sizes=\"auto, (max-width: 1024px) 100vw, 1024px\" \/><figcaption class=\"wp-element-caption\">Sphecodes Albilabris &#8211; Abeille<\/figcaption><\/figure>\n\n\n\n<figure class=\"wp-block-image size-large\"><a href=\"https:\/\/beewild.be\/wp-content\/uploads\/2022\/03\/bee-257176-1-scaled.jpg\" target=\"_blank\" rel=\"noopener\"><img loading=\"lazy\" decoding=\"async\" width=\"2560\" height=\"1707\" data-id=\"204\" src=\"https:\/\/beewild.be\/wp-content\/uploads\/2022\/03\/bee-257176-1-scaled.jpg\" alt=\"Images d'insectes pollinisateurs et auxiliaires\" class=\"wp-image-204\" srcset=\"https:\/\/beewild.be\/wp-content\/uploads\/2022\/03\/bee-257176-1-scaled.jpg 2560w, https:\/\/beewild.be\/wp-content\/uploads\/2022\/03\/bee-257176-1-300x200.jpg 300w, https:\/\/beewild.be\/wp-content\/uploads\/2022\/03\/bee-257176-1-1024x683.jpg 1024w, https:\/\/beewild.be\/wp-content\/uploads\/2022\/03\/bee-257176-1-768x512.jpg 768w, https:\/\/beewild.be\/wp-content\/uploads\/2022\/03\/bee-257176-1-1536x1024.jpg 1536w, https:\/\/beewild.be\/wp-content\/uploads\/2022\/03\/bee-257176-1-2048x1366.jpg 2048w\" sizes=\"auto, (max-width: 2560px) 100vw, 2560px\" \/><\/a><figcaption class=\"wp-element-caption\">Abeille et dipt\u00e8re<\/figcaption><\/figure>\n\n\n\n<figure class=\"wp-block-image size-large\"><a href=\"https:\/\/beewild.be\/wp-content\/uploads\/2022\/03\/bee-1322845-4-scaled.jpg\" target=\"_blank\" rel=\"noopener\"><img loading=\"lazy\" decoding=\"async\" width=\"2560\" height=\"1707\" data-id=\"205\" src=\"https:\/\/beewild.be\/wp-content\/uploads\/2022\/03\/bee-1322845-4-scaled.jpg\" alt=\"\" class=\"wp-image-205\" srcset=\"https:\/\/beewild.be\/wp-content\/uploads\/2022\/03\/bee-1322845-4-scaled.jpg 2560w, https:\/\/beewild.be\/wp-content\/uploads\/2022\/03\/bee-1322845-4-300x200.jpg 300w, https:\/\/beewild.be\/wp-content\/uploads\/2022\/03\/bee-1322845-4-1024x683.jpg 1024w, https:\/\/beewild.be\/wp-content\/uploads\/2022\/03\/bee-1322845-4-768x512.jpg 768w, https:\/\/beewild.be\/wp-content\/uploads\/2022\/03\/bee-1322845-4-1536x1024.jpg 1536w, https:\/\/beewild.be\/wp-content\/uploads\/2022\/03\/bee-1322845-4-2048x1366.jpg 2048w\" sizes=\"auto, (max-width: 2560px) 100vw, 2560px\" \/><\/a><figcaption class=\"wp-element-caption\">Abeille mellif\u00e8re<\/figcaption><\/figure>\n\n\n\n<figure class=\"wp-block-image size-large\"><a href=\"https:\/\/beewild.be\/wp-content\/uploads\/2022\/03\/insect-hotel-g1b42aeba1_19201-3.jpg\" target=\"_blank\" rel=\"noopener\"><img loading=\"lazy\" decoding=\"async\" width=\"1920\" height=\"1280\" data-id=\"171\" src=\"https:\/\/beewild.be\/wp-content\/uploads\/2022\/03\/insect-hotel-g1b42aeba1_19201-3.jpg\" alt=\"\" class=\"wp-image-171\" srcset=\"https:\/\/beewild.be\/wp-content\/uploads\/2022\/03\/insect-hotel-g1b42aeba1_19201-3.jpg 1920w, https:\/\/beewild.be\/wp-content\/uploads\/2022\/03\/insect-hotel-g1b42aeba1_19201-3-300x200.jpg 300w, https:\/\/beewild.be\/wp-content\/uploads\/2022\/03\/insect-hotel-g1b42aeba1_19201-3-1024x683.jpg 1024w, https:\/\/beewild.be\/wp-content\/uploads\/2022\/03\/insect-hotel-g1b42aeba1_19201-3-768x512.jpg 768w, https:\/\/beewild.be\/wp-content\/uploads\/2022\/03\/insect-hotel-g1b42aeba1_19201-3-1536x1024.jpg 1536w\" sizes=\"auto, (max-width: 1920px) 100vw, 1920px\" \/><\/a><figcaption class=\"wp-element-caption\">Osmie cornue<\/figcaption><\/figure>\n\n\n\n<figure class=\"wp-block-image size-large\"><a href=\"https:\/\/beewild.be\/wp-content\/uploads\/2022\/03\/andrena-6265519-scaled.jpg\" target=\"_blank\" rel=\"noopener\"><img loading=\"lazy\" decoding=\"async\" width=\"2560\" height=\"1708\" data-id=\"199\" src=\"https:\/\/beewild.be\/wp-content\/uploads\/2022\/03\/andrena-6265519-scaled.jpg\" alt=\"\" class=\"wp-image-199\" srcset=\"https:\/\/beewild.be\/wp-content\/uploads\/2022\/03\/andrena-6265519-scaled.jpg 2560w, https:\/\/beewild.be\/wp-content\/uploads\/2022\/03\/andrena-6265519-300x200.jpg 300w, https:\/\/beewild.be\/wp-content\/uploads\/2022\/03\/andrena-6265519-1024x683.jpg 1024w, https:\/\/beewild.be\/wp-content\/uploads\/2022\/03\/andrena-6265519-768x512.jpg 768w, https:\/\/beewild.be\/wp-content\/uploads\/2022\/03\/andrena-6265519-1536x1025.jpg 1536w, https:\/\/beewild.be\/wp-content\/uploads\/2022\/03\/andrena-6265519-2048x1366.jpg 2048w\" sizes=\"auto, (max-width: 2560px) 100vw, 2560px\" \/><\/a><figcaption class=\"wp-element-caption\">Andr\u00e8ne &#8211; Abeille<\/figcaption><\/figure>\n\n\n\n<figure class=\"wp-block-image size-large\"><a href=\"https:\/\/beewild.be\/wp-content\/uploads\/2022\/03\/bumblebee-2392223_1920-2.jpg\" target=\"_blank\" rel=\"noopener\"><img loading=\"lazy\" decoding=\"async\" width=\"1918\" height=\"1279\" data-id=\"166\" src=\"https:\/\/beewild.be\/wp-content\/uploads\/2022\/03\/bumblebee-2392223_1920-2.jpg\" alt=\"\" class=\"wp-image-166\" srcset=\"https:\/\/beewild.be\/wp-content\/uploads\/2022\/03\/bumblebee-2392223_1920-2.jpg 1918w, https:\/\/beewild.be\/wp-content\/uploads\/2022\/03\/bumblebee-2392223_1920-2-300x200.jpg 300w, https:\/\/beewild.be\/wp-content\/uploads\/2022\/03\/bumblebee-2392223_1920-2-1024x683.jpg 1024w, https:\/\/beewild.be\/wp-content\/uploads\/2022\/03\/bumblebee-2392223_1920-2-768x512.jpg 768w, https:\/\/beewild.be\/wp-content\/uploads\/2022\/03\/bumblebee-2392223_1920-2-1536x1024.jpg 1536w\" sizes=\"auto, (max-width: 1918px) 100vw, 1918px\" \/><\/a><figcaption class=\"wp-element-caption\">Bourdon terrestre<\/figcaption><\/figure>\n\n\n\n<figure class=\"wp-block-image size-large\"><a href=\"https:\/\/beewild.be\/wp-content\/uploads\/2022\/03\/hoverfly-1010803-3-scaled.jpg\" target=\"_blank\" rel=\"noopener\"><img loading=\"lazy\" decoding=\"async\" width=\"2560\" height=\"1707\" data-id=\"169\" src=\"https:\/\/beewild.be\/wp-content\/uploads\/2022\/03\/hoverfly-1010803-3-scaled.jpg\" alt=\"\" class=\"wp-image-169\" srcset=\"https:\/\/beewild.be\/wp-content\/uploads\/2022\/03\/hoverfly-1010803-3-scaled.jpg 2560w, https:\/\/beewild.be\/wp-content\/uploads\/2022\/03\/hoverfly-1010803-3-300x200.jpg 300w, https:\/\/beewild.be\/wp-content\/uploads\/2022\/03\/hoverfly-1010803-3-1024x683.jpg 1024w, https:\/\/beewild.be\/wp-content\/uploads\/2022\/03\/hoverfly-1010803-3-768x512.jpg 768w, https:\/\/beewild.be\/wp-content\/uploads\/2022\/03\/hoverfly-1010803-3-1536x1024.jpg 1536w, https:\/\/beewild.be\/wp-content\/uploads\/2022\/03\/hoverfly-1010803-3-2048x1365.jpg 2048w\" sizes=\"auto, (max-width: 2560px) 100vw, 2560px\" \/><\/a><figcaption class=\"wp-element-caption\">Syrphe<\/figcaption><\/figure>\n\n\n\n<figure class=\"wp-block-image size-large\"><a href=\"https:\/\/beewild.be\/wp-content\/uploads\/2022\/03\/ladybug-1271994_1920-3.jpg\" target=\"_blank\" rel=\"noopener\"><img loading=\"lazy\" decoding=\"async\" width=\"1918\" height=\"1279\" data-id=\"172\" src=\"https:\/\/beewild.be\/wp-content\/uploads\/2022\/03\/ladybug-1271994_1920-3.jpg\" alt=\"\" class=\"wp-image-172\" srcset=\"https:\/\/beewild.be\/wp-content\/uploads\/2022\/03\/ladybug-1271994_1920-3.jpg 1918w, https:\/\/beewild.be\/wp-content\/uploads\/2022\/03\/ladybug-1271994_1920-3-300x200.jpg 300w, https:\/\/beewild.be\/wp-content\/uploads\/2022\/03\/ladybug-1271994_1920-3-1024x683.jpg 1024w, https:\/\/beewild.be\/wp-content\/uploads\/2022\/03\/ladybug-1271994_1920-3-768x512.jpg 768w, https:\/\/beewild.be\/wp-content\/uploads\/2022\/03\/ladybug-1271994_1920-3-1536x1024.jpg 1536w\" sizes=\"auto, (max-width: 1918px) 100vw, 1918px\" \/><\/a><figcaption class=\"wp-element-caption\">Coccinelle et pucerons<\/figcaption><\/figure>\n\n\n\n<figure class=\"wp-block-image size-large\"><a href=\"https:\/\/beewild.be\/wp-content\/uploads\/2022\/03\/green-lacewings-4808772_1920-3.jpg\" target=\"_blank\" rel=\"noopener\"><img loading=\"lazy\" decoding=\"async\" width=\"1920\" height=\"1280\" data-id=\"168\" src=\"https:\/\/beewild.be\/wp-content\/uploads\/2022\/03\/green-lacewings-4808772_1920-3.jpg\" alt=\"\" class=\"wp-image-168\" srcset=\"https:\/\/beewild.be\/wp-content\/uploads\/2022\/03\/green-lacewings-4808772_1920-3.jpg 1920w, https:\/\/beewild.be\/wp-content\/uploads\/2022\/03\/green-lacewings-4808772_1920-3-300x200.jpg 300w, https:\/\/beewild.be\/wp-content\/uploads\/2022\/03\/green-lacewings-4808772_1920-3-1024x683.jpg 1024w, https:\/\/beewild.be\/wp-content\/uploads\/2022\/03\/green-lacewings-4808772_1920-3-768x512.jpg 768w, https:\/\/beewild.be\/wp-content\/uploads\/2022\/03\/green-lacewings-4808772_1920-3-1536x1024.jpg 1536w\" sizes=\"auto, (max-width: 1920px) 100vw, 1920px\" \/><\/a><figcaption class=\"wp-element-caption\">Chrysope<\/figcaption><\/figure>\n\n\n\n<figure class=\"wp-block-image size-large\"><a href=\"https:\/\/beewild.be\/wp-content\/uploads\/2022\/03\/bee-4551496-3-scaled.jpg\" target=\"_blank\" rel=\"noopener\"><img loading=\"lazy\" decoding=\"async\" width=\"2560\" height=\"1700\" data-id=\"165\" src=\"https:\/\/beewild.be\/wp-content\/uploads\/2022\/03\/bee-4551496-3-scaled.jpg\" alt=\"\" class=\"wp-image-165\" srcset=\"https:\/\/beewild.be\/wp-content\/uploads\/2022\/03\/bee-4551496-3-scaled.jpg 2560w, https:\/\/beewild.be\/wp-content\/uploads\/2022\/03\/bee-4551496-3-300x199.jpg 300w, https:\/\/beewild.be\/wp-content\/uploads\/2022\/03\/bee-4551496-3-1024x680.jpg 1024w, https:\/\/beewild.be\/wp-content\/uploads\/2022\/03\/bee-4551496-3-768x510.jpg 768w, https:\/\/beewild.be\/wp-content\/uploads\/2022\/03\/bee-4551496-3-1536x1020.jpg 1536w, https:\/\/beewild.be\/wp-content\/uploads\/2022\/03\/bee-4551496-3-2048x1360.jpg 2048w\" sizes=\"auto, (max-width: 2560px) 100vw, 2560px\" \/><\/a><figcaption class=\"wp-element-caption\">Syrphe<\/figcaption><\/figure>\n\n\n\n<figure class=\"wp-block-image size-large\"><a href=\"https:\/\/beewild.be\/wp-content\/uploads\/2022\/03\/hoverfly-2782862-scaled.jpg\" target=\"_blank\" rel=\"noopener\"><img loading=\"lazy\" decoding=\"async\" width=\"2560\" height=\"1706\" data-id=\"170\" src=\"https:\/\/beewild.be\/wp-content\/uploads\/2022\/03\/hoverfly-2782862-scaled.jpg\" alt=\"\" class=\"wp-image-170\" srcset=\"https:\/\/beewild.be\/wp-content\/uploads\/2022\/03\/hoverfly-2782862-scaled.jpg 2560w, https:\/\/beewild.be\/wp-content\/uploads\/2022\/03\/hoverfly-2782862-300x200.jpg 300w, https:\/\/beewild.be\/wp-content\/uploads\/2022\/03\/hoverfly-2782862-1024x683.jpg 1024w, https:\/\/beewild.be\/wp-content\/uploads\/2022\/03\/hoverfly-2782862-768x512.jpg 768w, https:\/\/beewild.be\/wp-content\/uploads\/2022\/03\/hoverfly-2782862-1536x1024.jpg 1536w, https:\/\/beewild.be\/wp-content\/uploads\/2022\/03\/hoverfly-2782862-2048x1365.jpg 2048w\" sizes=\"auto, (max-width: 2560px) 100vw, 2560px\" \/><\/a><figcaption class=\"wp-element-caption\">Syrphe<\/figcaption><\/figure>\n<\/figure>\n<\/div><\/div>\n\n\n\n<figure class=\"wp-block-gallery has-nested-images columns-default is-cropped wp-block-gallery-2 is-layout-flex wp-block-gallery-is-layout-flex\">\n<figure class=\"wp-block-image size-large\"><img loading=\"lazy\" decoding=\"async\" width=\"1024\" height=\"683\" data-id=\"591\" src=\"https:\/\/beewild.be\/wp-content\/uploads\/2023\/01\/Demi-deuil-ou-echiquier-commun-1-1024x683.jpg\" alt=\"\" class=\"wp-image-591\" srcset=\"https:\/\/beewild.be\/wp-content\/uploads\/2023\/01\/Demi-deuil-ou-echiquier-commun-1-1024x683.jpg 1024w, https:\/\/beewild.be\/wp-content\/uploads\/2023\/01\/Demi-deuil-ou-echiquier-commun-1-300x200.jpg 300w, https:\/\/beewild.be\/wp-content\/uploads\/2023\/01\/Demi-deuil-ou-echiquier-commun-1-768x512.jpg 768w, https:\/\/beewild.be\/wp-content\/uploads\/2023\/01\/Demi-deuil-ou-echiquier-commun-1-1536x1024.jpg 1536w, https:\/\/beewild.be\/wp-content\/uploads\/2023\/01\/Demi-deuil-ou-echiquier-commun-1-2048x1365.jpg 2048w\" sizes=\"auto, (max-width: 1024px) 100vw, 1024px\" \/><figcaption class=\"wp-element-caption\">Demi-deuil ou \u00e9chiquier commun<\/figcaption><\/figure>\n\n\n\n<figure class=\"wp-block-image size-large\"><a href=\"https:\/\/beewild.be\/wp-content\/uploads\/2022\/03\/Coccinelle-3-3-scaled.jpg\" target=\"_blank\" rel=\"noopener\"><img loading=\"lazy\" decoding=\"async\" width=\"2560\" height=\"1707\" data-id=\"167\" src=\"https:\/\/beewild.be\/wp-content\/uploads\/2022\/03\/Coccinelle-3-3-scaled.jpg\" alt=\"\" class=\"wp-image-167\" srcset=\"https:\/\/beewild.be\/wp-content\/uploads\/2022\/03\/Coccinelle-3-3-scaled.jpg 2560w, https:\/\/beewild.be\/wp-content\/uploads\/2022\/03\/Coccinelle-3-3-300x200.jpg 300w, https:\/\/beewild.be\/wp-content\/uploads\/2022\/03\/Coccinelle-3-3-1024x683.jpg 1024w, https:\/\/beewild.be\/wp-content\/uploads\/2022\/03\/Coccinelle-3-3-768x512.jpg 768w, https:\/\/beewild.be\/wp-content\/uploads\/2022\/03\/Coccinelle-3-3-1536x1024.jpg 1536w, https:\/\/beewild.be\/wp-content\/uploads\/2022\/03\/Coccinelle-3-3-2048x1365.jpg 2048w\" sizes=\"auto, (max-width: 2560px) 100vw, 2560px\" \/><\/a><figcaption class=\"wp-element-caption\">Coccinelle<\/figcaption><\/figure>\n\n\n\n<figure class=\"wp-block-image size-large\"><img loading=\"lazy\" decoding=\"async\" width=\"1024\" height=\"683\" data-id=\"590\" src=\"https:\/\/beewild.be\/wp-content\/uploads\/2023\/01\/Machaon-1-1024x683.jpg\" alt=\"\" class=\"wp-image-590\" srcset=\"https:\/\/beewild.be\/wp-content\/uploads\/2023\/01\/Machaon-1-1024x683.jpg 1024w, https:\/\/beewild.be\/wp-content\/uploads\/2023\/01\/Machaon-1-300x200.jpg 300w, https:\/\/beewild.be\/wp-content\/uploads\/2023\/01\/Machaon-1-768x512.jpg 768w, https:\/\/beewild.be\/wp-content\/uploads\/2023\/01\/Machaon-1-1536x1024.jpg 1536w, https:\/\/beewild.be\/wp-content\/uploads\/2023\/01\/Machaon-1-2048x1365.jpg 2048w\" sizes=\"auto, (max-width: 1024px) 100vw, 1024px\" \/><figcaption class=\"wp-element-caption\">Machaon<\/figcaption><\/figure>\n<\/figure>\n\n\n\n<figure class=\"wp-block-gallery has-nested-images columns-default is-cropped wp-block-gallery-3 is-layout-flex wp-block-gallery-is-layout-flex\">\n<figure class=\"wp-block-image size-large\"><img loading=\"lazy\" decoding=\"async\" width=\"1024\" height=\"683\" data-id=\"594\" src=\"https:\/\/beewild.be\/wp-content\/uploads\/2023\/01\/Bourgade-abeilles-sauvages-2-visite-Apis-S--1024x683.jpg\" alt=\"\" class=\"wp-image-594\" srcset=\"https:\/\/beewild.be\/wp-content\/uploads\/2023\/01\/Bourgade-abeilles-sauvages-2-visite-Apis-S--1024x683.jpg 1024w, https:\/\/beewild.be\/wp-content\/uploads\/2023\/01\/Bourgade-abeilles-sauvages-2-visite-Apis-S--300x200.jpg 300w, https:\/\/beewild.be\/wp-content\/uploads\/2023\/01\/Bourgade-abeilles-sauvages-2-visite-Apis-S--768x512.jpg 768w, https:\/\/beewild.be\/wp-content\/uploads\/2023\/01\/Bourgade-abeilles-sauvages-2-visite-Apis-S--1536x1024.jpg 1536w, https:\/\/beewild.be\/wp-content\/uploads\/2023\/01\/Bourgade-abeilles-sauvages-2-visite-Apis-S-.jpg 1920w\" sizes=\"auto, (max-width: 1024px) 100vw, 1024px\" \/><figcaption class=\"wp-element-caption\">Bourgade d&rsquo;andr\u00e8nes sauv\u00e9e du b\u00e9ton<\/figcaption><\/figure>\n\n\n\n<figure class=\"wp-block-image size-large\"><a href=\"https:\/\/beewild.be\/wp-content\/uploads\/2022\/03\/osmie-2643492-3-scaled.jpg\" target=\"_blank\" rel=\"noopener\"><img loading=\"lazy\" decoding=\"async\" width=\"2560\" height=\"1707\" data-id=\"173\" src=\"https:\/\/beewild.be\/wp-content\/uploads\/2022\/03\/osmie-2643492-3-scaled.jpg\" alt=\"\" class=\"wp-image-173\" srcset=\"https:\/\/beewild.be\/wp-content\/uploads\/2022\/03\/osmie-2643492-3-scaled.jpg 2560w, https:\/\/beewild.be\/wp-content\/uploads\/2022\/03\/osmie-2643492-3-300x200.jpg 300w, https:\/\/beewild.be\/wp-content\/uploads\/2022\/03\/osmie-2643492-3-1024x683.jpg 1024w, https:\/\/beewild.be\/wp-content\/uploads\/2022\/03\/osmie-2643492-3-768x512.jpg 768w, https:\/\/beewild.be\/wp-content\/uploads\/2022\/03\/osmie-2643492-3-1536x1024.jpg 1536w, https:\/\/beewild.be\/wp-content\/uploads\/2022\/03\/osmie-2643492-3-2048x1365.jpg 2048w\" sizes=\"auto, (max-width: 2560px) 100vw, 2560px\" \/><\/a><figcaption class=\"wp-element-caption\">Osmie<\/figcaption><\/figure>\n\n\n\n<figure class=\"wp-block-image size-large\"><img loading=\"lazy\" decoding=\"async\" width=\"1024\" height=\"725\" data-id=\"593\" src=\"https:\/\/beewild.be\/wp-content\/uploads\/2023\/01\/Sauterelle-flou--1024x725.jpg\" alt=\"\" class=\"wp-image-593\" srcset=\"https:\/\/beewild.be\/wp-content\/uploads\/2023\/01\/Sauterelle-flou--1024x725.jpg 1024w, https:\/\/beewild.be\/wp-content\/uploads\/2023\/01\/Sauterelle-flou--300x212.jpg 300w, https:\/\/beewild.be\/wp-content\/uploads\/2023\/01\/Sauterelle-flou--768x543.jpg 768w, https:\/\/beewild.be\/wp-content\/uploads\/2023\/01\/Sauterelle-flou--1536x1087.jpg 1536w, https:\/\/beewild.be\/wp-content\/uploads\/2023\/01\/Sauterelle-flou--2048x1449.jpg 2048w\" sizes=\"auto, (max-width: 1024px) 100vw, 1024px\" \/><figcaption class=\"wp-element-caption\">Sauterelle<\/figcaption><\/figure>\n<\/figure>\n","protected":false},"excerpt":{"rendered":"","protected":false},"author":1,"featured_media":0,"parent":0,"menu_order":0,"comment_status":"closed","ping_status":"closed","template":"","meta":{"footnotes":""},"class_list":["post-254","page","type-page","status-publish","hentry"],"_links":{"self":[{"href":"https:\/\/beewild.be\/index.php\/wp-json\/wp\/v2\/pages\/254","targetHints":{"allow":["GET"]}}],"collection":[{"href":"https:\/\/beewild.be\/index.php\/wp-json\/wp\/v2\/pages"}],"about":[{"href":"https:\/\/beewild.be\/index.php\/wp-json\/wp\/v2\/types\/page"}],"author":[{"embeddable":true,"href":"https:\/\/beewild.be\/index.php\/wp-json\/wp\/v2\/users\/1"}],"replies":[{"embeddable":true,"href":"https:\/\/beewild.be\/index.php\/wp-json\/wp\/v2\/comments?post=254"}],"version-history":[{"count":9,"href":"https:\/\/beewild.be\/index.php\/wp-json\/wp\/v2\/pages\/254\/revisions"}],"predecessor-version":[{"id":1641,"href":"https:\/\/beewild.be\/index.php\/wp-json\/wp\/v2\/pages\/254\/revisions\/1641"}],"wp:attachment":[{"href":"https:\/\/beewild.be\/index.php\/wp-json\/wp\/v2\/media?parent=254"}],"curies":[{"name":"wp","href":"https:\/\/api.w.org\/{rel}","templated":true}]}}