{"id":277,"date":"2022-04-02T00:11:57","date_gmt":"2022-04-02T00:11:57","guid":{"rendered":"https:\/\/beewild.be\/?page_id=277"},"modified":"2024-04-06T10:04:01","modified_gmt":"2024-04-06T08:04:01","slug":"les-oiseaux-en-images","status":"publish","type":"page","link":"https:\/\/beewild.be\/index.php\/les-oiseaux-en-images\/","title":{"rendered":"Les oiseaux en images"},"content":{"rendered":"\n<figure class=\"wp-block-gallery has-nested-images columns-3 is-cropped wp-block-gallery-1 is-layout-flex wp-block-gallery-is-layout-flex\">\n<figure class=\"wp-block-image size-large\"><a href=\"https:\/\/beewild.be\/wp-content\/uploads\/2022\/04\/mesange-bleue-blue-tit-6908151_1920.jpg\" target=\"_blank\" rel=\"noopener\"><img loading=\"lazy\" decoding=\"async\" width=\"1920\" height=\"1276\" data-id=\"288\" src=\"https:\/\/beewild.be\/wp-content\/uploads\/2022\/04\/mesange-bleue-blue-tit-6908151_1920.jpg\" alt=\"\" class=\"wp-image-288\" srcset=\"https:\/\/beewild.be\/wp-content\/uploads\/2022\/04\/mesange-bleue-blue-tit-6908151_1920.jpg 1920w, https:\/\/beewild.be\/wp-content\/uploads\/2022\/04\/mesange-bleue-blue-tit-6908151_1920-300x199.jpg 300w, https:\/\/beewild.be\/wp-content\/uploads\/2022\/04\/mesange-bleue-blue-tit-6908151_1920-1024x681.jpg 1024w, https:\/\/beewild.be\/wp-content\/uploads\/2022\/04\/mesange-bleue-blue-tit-6908151_1920-768x510.jpg 768w, https:\/\/beewild.be\/wp-content\/uploads\/2022\/04\/mesange-bleue-blue-tit-6908151_1920-1536x1021.jpg 1536w\" sizes=\"auto, (max-width: 1920px) 100vw, 1920px\" \/><\/a><figcaption>M\u00e9sange bleue<\/figcaption><\/figure>\n\n\n\n<figure class=\"wp-block-image size-large\"><a href=\"https:\/\/beewild.be\/wp-content\/uploads\/2022\/04\/Troglodyte-carolina-wren-5832613_1920.jpg\" target=\"_blank\" rel=\"noopener\"><img loading=\"lazy\" decoding=\"async\" width=\"1920\" height=\"1286\" data-id=\"292\" src=\"https:\/\/beewild.be\/wp-content\/uploads\/2022\/04\/Troglodyte-carolina-wren-5832613_1920.jpg\" alt=\"\" class=\"wp-image-292\" srcset=\"https:\/\/beewild.be\/wp-content\/uploads\/2022\/04\/Troglodyte-carolina-wren-5832613_1920.jpg 1920w, https:\/\/beewild.be\/wp-content\/uploads\/2022\/04\/Troglodyte-carolina-wren-5832613_1920-300x201.jpg 300w, https:\/\/beewild.be\/wp-content\/uploads\/2022\/04\/Troglodyte-carolina-wren-5832613_1920-1024x686.jpg 1024w, https:\/\/beewild.be\/wp-content\/uploads\/2022\/04\/Troglodyte-carolina-wren-5832613_1920-768x514.jpg 768w, https:\/\/beewild.be\/wp-content\/uploads\/2022\/04\/Troglodyte-carolina-wren-5832613_1920-1536x1029.jpg 1536w\" sizes=\"auto, (max-width: 1920px) 100vw, 1920px\" \/><\/a><figcaption>Troglodyte<\/figcaption><\/figure>\n\n\n\n<figure class=\"wp-block-image size-large\"><a href=\"https:\/\/beewild.be\/wp-content\/uploads\/2022\/04\/Chardonneret-bird-7079706_1920.jpg\" target=\"_blank\" rel=\"noopener\"><img loading=\"lazy\" decoding=\"async\" width=\"1920\" height=\"1280\" data-id=\"285\" src=\"https:\/\/beewild.be\/wp-content\/uploads\/2022\/04\/Chardonneret-bird-7079706_1920.jpg\" alt=\"\" class=\"wp-image-285\" srcset=\"https:\/\/beewild.be\/wp-content\/uploads\/2022\/04\/Chardonneret-bird-7079706_1920.jpg 1920w, https:\/\/beewild.be\/wp-content\/uploads\/2022\/04\/Chardonneret-bird-7079706_1920-300x200.jpg 300w, https:\/\/beewild.be\/wp-content\/uploads\/2022\/04\/Chardonneret-bird-7079706_1920-1024x683.jpg 1024w, https:\/\/beewild.be\/wp-content\/uploads\/2022\/04\/Chardonneret-bird-7079706_1920-768x512.jpg 768w, https:\/\/beewild.be\/wp-content\/uploads\/2022\/04\/Chardonneret-bird-7079706_1920-1536x1024.jpg 1536w\" sizes=\"auto, (max-width: 1920px) 100vw, 1920px\" \/><\/a><figcaption>Chardonneret<\/figcaption><\/figure>\n\n\n\n<figure class=\"wp-block-image size-large\"><a href=\"https:\/\/beewild.be\/wp-content\/uploads\/2022\/04\/rouge-gorge-robin-2177776_1920.jpg\" target=\"_blank\" rel=\"noopener\"><img loading=\"lazy\" decoding=\"async\" width=\"1920\" height=\"1280\" data-id=\"290\" src=\"https:\/\/beewild.be\/wp-content\/uploads\/2022\/04\/rouge-gorge-robin-2177776_1920.jpg\" alt=\"\" class=\"wp-image-290\" srcset=\"https:\/\/beewild.be\/wp-content\/uploads\/2022\/04\/rouge-gorge-robin-2177776_1920.jpg 1920w, https:\/\/beewild.be\/wp-content\/uploads\/2022\/04\/rouge-gorge-robin-2177776_1920-300x200.jpg 300w, https:\/\/beewild.be\/wp-content\/uploads\/2022\/04\/rouge-gorge-robin-2177776_1920-1024x683.jpg 1024w, https:\/\/beewild.be\/wp-content\/uploads\/2022\/04\/rouge-gorge-robin-2177776_1920-768x512.jpg 768w, https:\/\/beewild.be\/wp-content\/uploads\/2022\/04\/rouge-gorge-robin-2177776_1920-1536x1024.jpg 1536w\" sizes=\"auto, (max-width: 1920px) 100vw, 1920px\" \/><\/a><figcaption>Rouge-gorge<\/figcaption><\/figure>\n\n\n\n<figure class=\"wp-block-image size-large\"><a href=\"https:\/\/beewild.be\/wp-content\/uploads\/2022\/04\/Moineaux-sparrows-3434123_1920.jpg\" target=\"_blank\" rel=\"noopener\"><img loading=\"lazy\" decoding=\"async\" width=\"1920\" height=\"1280\" data-id=\"291\" src=\"https:\/\/beewild.be\/wp-content\/uploads\/2022\/04\/Moineaux-sparrows-3434123_1920.jpg\" alt=\"\" class=\"wp-image-291\" srcset=\"https:\/\/beewild.be\/wp-content\/uploads\/2022\/04\/Moineaux-sparrows-3434123_1920.jpg 1920w, https:\/\/beewild.be\/wp-content\/uploads\/2022\/04\/Moineaux-sparrows-3434123_1920-300x200.jpg 300w, https:\/\/beewild.be\/wp-content\/uploads\/2022\/04\/Moineaux-sparrows-3434123_1920-1024x683.jpg 1024w, https:\/\/beewild.be\/wp-content\/uploads\/2022\/04\/Moineaux-sparrows-3434123_1920-768x512.jpg 768w, https:\/\/beewild.be\/wp-content\/uploads\/2022\/04\/Moineaux-sparrows-3434123_1920-1536x1024.jpg 1536w\" sizes=\"auto, (max-width: 1920px) 100vw, 1920px\" \/><\/a><figcaption>Moineaux<\/figcaption><\/figure>\n\n\n\n<figure class=\"wp-block-image size-large\"><a href=\"https:\/\/beewild.be\/wp-content\/uploads\/2022\/04\/Bergeronnette-white-wagtail-6295408_1920.jpg\" target=\"_blank\" rel=\"noopener\"><img loading=\"lazy\" decoding=\"async\" width=\"1920\" height=\"1210\" data-id=\"282\" src=\"https:\/\/beewild.be\/wp-content\/uploads\/2022\/04\/Bergeronnette-white-wagtail-6295408_1920.jpg\" alt=\"\" class=\"wp-image-282\" srcset=\"https:\/\/beewild.be\/wp-content\/uploads\/2022\/04\/Bergeronnette-white-wagtail-6295408_1920.jpg 1920w, https:\/\/beewild.be\/wp-content\/uploads\/2022\/04\/Bergeronnette-white-wagtail-6295408_1920-300x189.jpg 300w, https:\/\/beewild.be\/wp-content\/uploads\/2022\/04\/Bergeronnette-white-wagtail-6295408_1920-1024x645.jpg 1024w, https:\/\/beewild.be\/wp-content\/uploads\/2022\/04\/Bergeronnette-white-wagtail-6295408_1920-768x484.jpg 768w, https:\/\/beewild.be\/wp-content\/uploads\/2022\/04\/Bergeronnette-white-wagtail-6295408_1920-1536x968.jpg 1536w\" sizes=\"auto, (max-width: 1920px) 100vw, 1920px\" \/><\/a><figcaption>Bergeronnette<\/figcaption><\/figure>\n\n\n\n<figure class=\"wp-block-image size-large\"><a href=\"https:\/\/beewild.be\/wp-content\/uploads\/2022\/04\/Accenteur-mouchet-dunnock-on-a-branch-4932815_1920.jpg\" target=\"_blank\" rel=\"noopener\"><img loading=\"lazy\" decoding=\"async\" width=\"1920\" height=\"1159\" data-id=\"281\" src=\"https:\/\/beewild.be\/wp-content\/uploads\/2022\/04\/Accenteur-mouchet-dunnock-on-a-branch-4932815_1920.jpg\" alt=\"\" class=\"wp-image-281\" srcset=\"https:\/\/beewild.be\/wp-content\/uploads\/2022\/04\/Accenteur-mouchet-dunnock-on-a-branch-4932815_1920.jpg 1920w, https:\/\/beewild.be\/wp-content\/uploads\/2022\/04\/Accenteur-mouchet-dunnock-on-a-branch-4932815_1920-300x181.jpg 300w, https:\/\/beewild.be\/wp-content\/uploads\/2022\/04\/Accenteur-mouchet-dunnock-on-a-branch-4932815_1920-1024x618.jpg 1024w, https:\/\/beewild.be\/wp-content\/uploads\/2022\/04\/Accenteur-mouchet-dunnock-on-a-branch-4932815_1920-768x464.jpg 768w, https:\/\/beewild.be\/wp-content\/uploads\/2022\/04\/Accenteur-mouchet-dunnock-on-a-branch-4932815_1920-1536x927.jpg 1536w, https:\/\/beewild.be\/wp-content\/uploads\/2022\/04\/Accenteur-mouchet-dunnock-on-a-branch-4932815_1920-540x326.jpg 540w\" sizes=\"auto, (max-width: 1920px) 100vw, 1920px\" \/><\/a><figcaption>Accenteur mouchet<\/figcaption><\/figure>\n\n\n\n<figure class=\"wp-block-image size-large\"><a href=\"https:\/\/beewild.be\/wp-content\/uploads\/2022\/04\/Bergeronnette-grisewagtail-6271337_1920.jpg\" target=\"_blank\" rel=\"noopener\"><img loading=\"lazy\" decoding=\"async\" width=\"1920\" height=\"1080\" data-id=\"283\" src=\"https:\/\/beewild.be\/wp-content\/uploads\/2022\/04\/Bergeronnette-grisewagtail-6271337_1920.jpg\" alt=\"\" class=\"wp-image-283\" srcset=\"https:\/\/beewild.be\/wp-content\/uploads\/2022\/04\/Bergeronnette-grisewagtail-6271337_1920.jpg 1920w, https:\/\/beewild.be\/wp-content\/uploads\/2022\/04\/Bergeronnette-grisewagtail-6271337_1920-300x169.jpg 300w, https:\/\/beewild.be\/wp-content\/uploads\/2022\/04\/Bergeronnette-grisewagtail-6271337_1920-1024x576.jpg 1024w, https:\/\/beewild.be\/wp-content\/uploads\/2022\/04\/Bergeronnette-grisewagtail-6271337_1920-768x432.jpg 768w, https:\/\/beewild.be\/wp-content\/uploads\/2022\/04\/Bergeronnette-grisewagtail-6271337_1920-1536x864.jpg 1536w\" sizes=\"auto, (max-width: 1920px) 100vw, 1920px\" \/><\/a><figcaption>Bergeronnette grise<\/figcaption><\/figure>\n\n\n\n<figure class=\"wp-block-image size-large\"><a href=\"https:\/\/beewild.be\/wp-content\/uploads\/2022\/04\/mesange-charbonieree-tit-1149828_1920.jpg\" target=\"_blank\" rel=\"noopener\"><img loading=\"lazy\" decoding=\"async\" width=\"1920\" height=\"1440\" data-id=\"289\" src=\"https:\/\/beewild.be\/wp-content\/uploads\/2022\/04\/mesange-charbonieree-tit-1149828_1920.jpg\" alt=\"\" class=\"wp-image-289\" srcset=\"https:\/\/beewild.be\/wp-content\/uploads\/2022\/04\/mesange-charbonieree-tit-1149828_1920.jpg 1920w, https:\/\/beewild.be\/wp-content\/uploads\/2022\/04\/mesange-charbonieree-tit-1149828_1920-300x225.jpg 300w, https:\/\/beewild.be\/wp-content\/uploads\/2022\/04\/mesange-charbonieree-tit-1149828_1920-1024x768.jpg 1024w, https:\/\/beewild.be\/wp-content\/uploads\/2022\/04\/mesange-charbonieree-tit-1149828_1920-768x576.jpg 768w, https:\/\/beewild.be\/wp-content\/uploads\/2022\/04\/mesange-charbonieree-tit-1149828_1920-1536x1152.jpg 1536w, https:\/\/beewild.be\/wp-content\/uploads\/2022\/04\/mesange-charbonieree-tit-1149828_1920-400x300.jpg 400w\" sizes=\"auto, (max-width: 1920px) 100vw, 1920px\" \/><\/a><figcaption>M\u00e9sange charboni\u00e8re<\/figcaption><\/figure>\n\n\n\n<figure class=\"wp-block-image size-large\"><a href=\"https:\/\/beewild.be\/wp-content\/uploads\/2022\/04\/Bouvreuil-male-bird-2772464_1920.jpg\" target=\"_blank\" rel=\"noopener\"><img loading=\"lazy\" decoding=\"async\" width=\"1920\" height=\"1279\" data-id=\"284\" src=\"https:\/\/beewild.be\/wp-content\/uploads\/2022\/04\/Bouvreuil-male-bird-2772464_1920.jpg\" alt=\"\" class=\"wp-image-284\" srcset=\"https:\/\/beewild.be\/wp-content\/uploads\/2022\/04\/Bouvreuil-male-bird-2772464_1920.jpg 1920w, https:\/\/beewild.be\/wp-content\/uploads\/2022\/04\/Bouvreuil-male-bird-2772464_1920-300x200.jpg 300w, https:\/\/beewild.be\/wp-content\/uploads\/2022\/04\/Bouvreuil-male-bird-2772464_1920-1024x682.jpg 1024w, https:\/\/beewild.be\/wp-content\/uploads\/2022\/04\/Bouvreuil-male-bird-2772464_1920-768x512.jpg 768w, https:\/\/beewild.be\/wp-content\/uploads\/2022\/04\/Bouvreuil-male-bird-2772464_1920-1536x1023.jpg 1536w\" sizes=\"auto, (max-width: 1920px) 100vw, 1920px\" \/><\/a><figcaption>Bouvreuil male<\/figcaption><\/figure>\n\n\n\n<figure class=\"wp-block-image size-large\"><a href=\"https:\/\/beewild.be\/wp-content\/uploads\/2022\/04\/blue-tit-6091507_1920.jpg\" target=\"_blank\" rel=\"noopener\"><img loading=\"lazy\" decoding=\"async\" width=\"1920\" height=\"1147\" data-id=\"286\" src=\"https:\/\/beewild.be\/wp-content\/uploads\/2022\/04\/blue-tit-6091507_1920.jpg\" alt=\"\" class=\"wp-image-286\" srcset=\"https:\/\/beewild.be\/wp-content\/uploads\/2022\/04\/blue-tit-6091507_1920.jpg 1920w, https:\/\/beewild.be\/wp-content\/uploads\/2022\/04\/blue-tit-6091507_1920-300x179.jpg 300w, https:\/\/beewild.be\/wp-content\/uploads\/2022\/04\/blue-tit-6091507_1920-1024x612.jpg 1024w, https:\/\/beewild.be\/wp-content\/uploads\/2022\/04\/blue-tit-6091507_1920-768x459.jpg 768w, https:\/\/beewild.be\/wp-content\/uploads\/2022\/04\/blue-tit-6091507_1920-1536x918.jpg 1536w\" sizes=\"auto, (max-width: 1920px) 100vw, 1920px\" \/><\/a><figcaption>M\u00e9sange bleue<\/figcaption><\/figure>\n\n\n\n<figure class=\"wp-block-image size-large\"><a href=\"https:\/\/beewild.be\/wp-content\/uploads\/2022\/04\/Merle-blackbird-205352_1920.jpg\" target=\"_blank\" rel=\"noopener\"><img loading=\"lazy\" decoding=\"async\" width=\"1920\" height=\"1280\" data-id=\"287\" src=\"https:\/\/beewild.be\/wp-content\/uploads\/2022\/04\/Merle-blackbird-205352_1920.jpg\" alt=\"\" class=\"wp-image-287\" srcset=\"https:\/\/beewild.be\/wp-content\/uploads\/2022\/04\/Merle-blackbird-205352_1920.jpg 1920w, https:\/\/beewild.be\/wp-content\/uploads\/2022\/04\/Merle-blackbird-205352_1920-300x200.jpg 300w, https:\/\/beewild.be\/wp-content\/uploads\/2022\/04\/Merle-blackbird-205352_1920-1024x683.jpg 1024w, https:\/\/beewild.be\/wp-content\/uploads\/2022\/04\/Merle-blackbird-205352_1920-768x512.jpg 768w, https:\/\/beewild.be\/wp-content\/uploads\/2022\/04\/Merle-blackbird-205352_1920-1536x1024.jpg 1536w\" sizes=\"auto, (max-width: 1920px) 100vw, 1920px\" \/><\/a><figcaption>Merle<\/figcaption><\/figure>\n<\/figure>\n","protected":false},"excerpt":{"rendered":"<p>photo photographie macrophotographie image pollinisation beewild bee wild abeilles sauvages bruxelles belgique environnement biodiversit\u00e9 oiseau oiseaux insectes protection nature h\u00f4tel \u00e0 insectes nichoir mangeoires g\u00eetes nourrir oiseaux nourrissage \u00e9t\u00e9 printemps hiver fleurs mellif\u00e8res facebook instagram PhilBeewild Phil Be d\u00e9clin pollinisateurs coccinelles chrysopes insectes utiles pesticides insecticides \u00e9cosyst\u00e8me service \u00e9cosyst\u00e9mique <\/p>\n","protected":false},"author":1,"featured_media":0,"parent":0,"menu_order":0,"comment_status":"closed","ping_status":"closed","template":"","meta":{"footnotes":""},"class_list":["post-277","page","type-page","status-publish","hentry"],"_links":{"self":[{"href":"https:\/\/beewild.be\/index.php\/wp-json\/wp\/v2\/pages\/277","targetHints":{"allow":["GET"]}}],"collection":[{"href":"https:\/\/beewild.be\/index.php\/wp-json\/wp\/v2\/pages"}],"about":[{"href":"https:\/\/beewild.be\/index.php\/wp-json\/wp\/v2\/types\/page"}],"author":[{"embeddable":true,"href":"https:\/\/beewild.be\/index.php\/wp-json\/wp\/v2\/users\/1"}],"replies":[{"embeddable":true,"href":"https:\/\/beewild.be\/index.php\/wp-json\/wp\/v2\/comments?post=277"}],"version-history":[{"count":10,"href":"https:\/\/beewild.be\/index.php\/wp-json\/wp\/v2\/pages\/277\/revisions"}],"predecessor-version":[{"id":920,"href":"https:\/\/beewild.be\/index.php\/wp-json\/wp\/v2\/pages\/277\/revisions\/920"}],"wp:attachment":[{"href":"https:\/\/beewild.be\/index.php\/wp-json\/wp\/v2\/media?parent=277"}],"curies":[{"name":"wp","href":"https:\/\/api.w.org\/{rel}","templated":true}]}}