{"id":317,"date":"2022-04-11T12:55:29","date_gmt":"2022-04-11T12:55:29","guid":{"rendered":"https:\/\/beewild.be\/?page_id=317"},"modified":"2024-04-19T02:14:08","modified_gmt":"2024-04-19T00:14:08","slug":"les-hotels-a-insectes","status":"publish","type":"page","link":"https:\/\/beewild.be\/index.php\/les-hotels-a-insectes\/","title":{"rendered":"H\u00f4tels \u00e0 insectes"},"content":{"rendered":"\n<h2 class=\"wp-block-heading\">Installer un h\u00f4tel \u00e0 insectes permet d\u2019accueillir les abeilles sauvages, les insectes pollinisateurs et auxiliaires de culture.&nbsp;<\/h2>\n\n\n\n<p>Nous avons d\u00e9j\u00e0 tous constat\u00e9 que les insectes se faisaient de plus en plus rares, par exemple les pare-brises des voitures qu&rsquo;il fallait autrefois nettoyer lorsque nous roulions sur l&rsquo;autoroute restent aujourd&rsquo;hui \u00e9tonnamment propres. <\/p>\n\n\n\n<p>Le constat est sans appel: le d\u00e9clin des insectes est aujourd\u2019hui 8 x plus rapide que celui des mammif\u00e8res, et les taux d\u2019extinctions chez les pollinisateurs sont actuellement de 100 \u00e0 1000 x plus rapides que la normale. Or, il est fondamental de les pr\u00e9server, que ce soit pour notre alimentation ou tous les services \u00e9cosyst\u00e9miques que nous rend la nature.<\/p>\n\n\n\n<p>Face \u00e0 ce d\u00e9clin qui menace notre survie et celle des g\u00e9n\u00e9rations futures, il est possible d&rsquo;agir chacun.e \u00e0 notre niveau. <\/p>\n\n\n\n<p>Une h\u00f4tel \u00e0 insectes permet \u00e0 de nombreuses esp\u00e8ces d&rsquo;abeilles sauvages, de pollinisateurs, et d&rsquo;insectes auxiliaires r\u00e9gulateurs de retrouver un habitat, et de compenser les effets de l&rsquo;urbanisation, des pesticides ou insecticides, et de la destruction de leurs milieux naturels. Il accueillera deux types d&rsquo;insectes: les pollinisateurs qui assurent la reproductions de 85 % des plantes \u00e0 fleurs, et les auxiliaires qui vont r\u00e9guler la pr\u00e9sence des ravageurs de culture comme les pucerons.<\/p>\n\n\n\n<p>Ces insectes sont \u00e0 la fois amusants \u00e0 observer, totalement pacifiques et sans danger. Ils permettent d\u2019augmenter la r\u00e9silience de votre jardin, de rendre votre potager ou verger plus productif, tout en le prot\u00e9geant naturellement.<\/p>\n\n\n\n<div style=\"height:88px\" aria-hidden=\"true\" class=\"wp-block-spacer\"><\/div>\n\n\n\n<section class=\"wp-block-group\"><div class=\"wp-block-group__inner-container is-layout-constrained wp-block-group-is-layout-constrained\">\n<div class=\"wp-block-columns is-layout-flex wp-container-core-columns-is-layout-9d6595d7 wp-block-columns-is-layout-flex\">\n<div class=\"wp-block-column is-vertically-aligned-stretch is-layout-flow wp-block-column-is-layout-flow\">\n<h3 class=\"wp-block-heading has-text-align-center\">H\u00f4tel Bee Cool<\/h3>\n\n\n\n<figure class=\"wp-block-image size-large\"><img loading=\"lazy\" decoding=\"async\" width=\"768\" height=\"1024\" src=\"https:\/\/beewild.be\/wp-content\/uploads\/2024\/04\/1-HaI-1-Bee-Cool-page-accueil-hai-edited-768x1024.jpg\" alt=\"Bee Cool H\u00f4tel \u00e0 insectes \" class=\"wp-image-1535\" style=\"aspect-ratio:3\/4;object-fit:cover\" srcset=\"https:\/\/beewild.be\/wp-content\/uploads\/2024\/04\/1-HaI-1-Bee-Cool-page-accueil-hai-edited-768x1024.jpg 768w, https:\/\/beewild.be\/wp-content\/uploads\/2024\/04\/1-HaI-1-Bee-Cool-page-accueil-hai-edited-225x300.jpg 225w, https:\/\/beewild.be\/wp-content\/uploads\/2024\/04\/1-HaI-1-Bee-Cool-page-accueil-hai-edited.jpg 961w\" sizes=\"auto, (max-width: 768px) 100vw, 768px\" \/><\/figure>\n\n\n\n<p><\/p>\n\n\n\n<p>H\u00f4tel \u00e0 insectes pour accueillir les abeilles sauvages, et les coccinelles. Les diff\u00e9rents mat\u00e9riaux et les tunnels de diff\u00e9rents diam\u00e8tres permettent d\u2019accueillir une grande vari\u00e9t\u00e9 d\u2019abeilles sauvages.<br><\/p>\n\n\n\n<p>Il servira \u00e9galement de refuge durant l\u2019hiver pour les coccinelles et les chrysopes.<\/p>\n\n\n\n<p>Prix sur demande en fonction de la livraison et les options choisies via le bouton ci-dessous:<\/p>\n\n\n\n<div class=\"wp-block-columns is-layout-flex wp-container-core-columns-is-layout-9d6595d7 wp-block-columns-is-layout-flex\">\n<div class=\"wp-block-column is-layout-flow wp-block-column-is-layout-flow\" style=\"flex-basis:100%\">\n<div class=\"wp-block-buttons is-content-justification-center is-layout-flex wp-container-core-buttons-is-layout-16018d1d wp-block-buttons-is-layout-flex\">\n<div class=\"wp-block-button\"><a class=\"wp-block-button__link has-white-color has-text-color has-background has-link-color has-text-align-center wp-element-button\" href=\"https:\/\/beewild.be\/index.php\/contact\/\" style=\"border-radius:30px;background-color:#3f873e\">Nous contacter<\/a><\/div>\n<\/div>\n<\/div>\n<\/div>\n<\/div>\n\n\n\n<div class=\"wp-block-column is-vertically-aligned-stretch is-layout-flow wp-block-column-is-layout-flow\">\n<h3 class=\"wp-block-heading has-text-align-center\">H\u00f4tel Bee More<\/h3>\n\n\n\n<figure class=\"wp-block-image size-large\"><img loading=\"lazy\" decoding=\"async\" width=\"961\" height=\"1281\" src=\"https:\/\/beewild.be\/wp-content\/uploads\/2024\/04\/2-HaI-Bee-More-page-accueil-hai-edited.jpg\" alt=\"Bee More H\u00f4tel \u00e0 Insectes\" class=\"wp-image-1536\" style=\"aspect-ratio:3\/4;object-fit:cover\" srcset=\"https:\/\/beewild.be\/wp-content\/uploads\/2024\/04\/2-HaI-Bee-More-page-accueil-hai-edited.jpg 961w, https:\/\/beewild.be\/wp-content\/uploads\/2024\/04\/2-HaI-Bee-More-page-accueil-hai-edited-225x300.jpg 225w, https:\/\/beewild.be\/wp-content\/uploads\/2024\/04\/2-HaI-Bee-More-page-accueil-hai-edited-768x1024.jpg 768w\" sizes=\"auto, (max-width: 961px) 100vw, 961px\" \/><\/figure>\n\n\n\n<p><\/p>\n\n\n\n<p>H\u00f4tel \u00e0 insectes pour accueillir les abeilles sauvages, les perce-oreilles, les coccinelles ou les chrysopes.<\/p>\n\n\n\n<p>Il comprend un nichoir \u00e0 bourdon ou \u00e0 papillons en plus des compartiments pour les abeilles sauvages et les insectes auxiliaires du jardin.<\/p>\n\n\n\n<p>Prix sur demande en fonction de la livraison et les options choisies via le bouton ci-dessous:<\/p>\n\n\n\n<div class=\"wp-block-buttons is-content-justification-center is-layout-flex wp-container-core-buttons-is-layout-16018d1d wp-block-buttons-is-layout-flex\">\n<div class=\"wp-block-button\"><a class=\"wp-block-button__link has-white-color has-text-color has-background has-link-color has-text-align-center wp-element-button\" href=\"https:\/\/beewild.be\/index.php\/contact\/\" style=\"border-radius:30px;background-color:#3f873e\">Nous contacter<\/a><\/div>\n<\/div>\n<\/div>\n\n\n\n<div class=\"wp-block-column is-vertically-aligned-stretch is-layout-flow wp-block-column-is-layout-flow\">\n<h3 class=\"wp-block-heading has-text-align-center\">H\u00f4tel Bee Wild<\/h3>\n\n\n\n<figure class=\"wp-block-image size-large\"><img loading=\"lazy\" decoding=\"async\" width=\"1281\" height=\"1708\" src=\"https:\/\/beewild.be\/wp-content\/uploads\/2024\/04\/3-HaI-3-Bee-Wild-page-accueil-hai-edited-1.jpg\" alt=\"Bee Wild H\u00f4tel \u00e0 insectes\" class=\"wp-image-1545\" style=\"aspect-ratio:3\/4;object-fit:cover\" srcset=\"https:\/\/beewild.be\/wp-content\/uploads\/2024\/04\/3-HaI-3-Bee-Wild-page-accueil-hai-edited-1.jpg 1281w, https:\/\/beewild.be\/wp-content\/uploads\/2024\/04\/3-HaI-3-Bee-Wild-page-accueil-hai-edited-1-225x300.jpg 225w, https:\/\/beewild.be\/wp-content\/uploads\/2024\/04\/3-HaI-3-Bee-Wild-page-accueil-hai-edited-1-768x1024.jpg 768w, https:\/\/beewild.be\/wp-content\/uploads\/2024\/04\/3-HaI-3-Bee-Wild-page-accueil-hai-edited-1-1152x1536.jpg 1152w\" sizes=\"auto, (max-width: 1281px) 100vw, 1281px\" \/><\/figure>\n\n\n\n<p><\/p>\n\n\n\n<p>Grand h\u00f4tel \u00e0 insectes polyvalent avec nichoirs \u00e0 papillons et \u00e0 bourdons. Il comprend deux abris pour les perce-oreilles qui peuvent \u00eatre d\u00e9plac\u00e9s dans votre jardin l\u00e0 o\u00f9 il y aurait une invasion de pucerons.<\/p>\n\n\n\n<p>Il accueillera diff\u00e9rentes esp\u00e8ces d\u2019abeilles sauvages, les coccinelles et les chrysopes.<\/p>\n\n\n\n<p>Prix sur demande en fonction de la livraison et les options choisies via le bouton ci-dessous:<\/p>\n\n\n\n<div class=\"wp-block-buttons is-content-justification-center is-layout-flex wp-container-core-buttons-is-layout-16018d1d wp-block-buttons-is-layout-flex\">\n<div class=\"wp-block-button\"><a class=\"wp-block-button__link has-white-color has-text-color has-background has-link-color has-text-align-center wp-element-button\" href=\"https:\/\/beewild.be\/index.php\/contact\/\" style=\"border-radius:30px;background-color:#3f873e\">Nous contacter<\/a><\/div>\n<\/div>\n<\/div>\n<\/div>\n\n\n\n<div style=\"height:60px\" aria-hidden=\"true\" class=\"wp-block-spacer\"><\/div>\n\n\n\n<div class=\"wp-block-columns is-layout-flex wp-container-core-columns-is-layout-9d6595d7 wp-block-columns-is-layout-flex\">\n<div class=\"wp-block-column is-vertically-aligned-stretch is-layout-flow wp-block-column-is-layout-flow\" style=\"flex-basis:33%\">\n<h3 class=\"wp-block-heading has-text-align-center\">H\u00f4tel Bee Happy<\/h3>\n\n\n\n<figure class=\"wp-block-image size-large is-resized\"><img loading=\"lazy\" decoding=\"async\" width=\"1024\" height=\"768\" src=\"https:\/\/beewild.be\/wp-content\/uploads\/2024\/03\/4-HaI-4-Bee-Happy-page-accueil-hai_lowres-1024x768.jpg\" alt=\"Bee Happy H\u00f4tel \u00e0 insectes\" class=\"wp-image-1452\" style=\"object-fit:cover;width:390px;height:520px\" srcset=\"https:\/\/beewild.be\/wp-content\/uploads\/2024\/03\/4-HaI-4-Bee-Happy-page-accueil-hai_lowres-1024x768.jpg 1024w, https:\/\/beewild.be\/wp-content\/uploads\/2024\/03\/4-HaI-4-Bee-Happy-page-accueil-hai_lowres-300x225.jpg 300w, https:\/\/beewild.be\/wp-content\/uploads\/2024\/03\/4-HaI-4-Bee-Happy-page-accueil-hai_lowres-768x576.jpg 768w, https:\/\/beewild.be\/wp-content\/uploads\/2024\/03\/4-HaI-4-Bee-Happy-page-accueil-hai_lowres-400x300.jpg 400w, https:\/\/beewild.be\/wp-content\/uploads\/2024\/03\/4-HaI-4-Bee-Happy-page-accueil-hai_lowres.jpg 1200w\" sizes=\"auto, (max-width: 1024px) 100vw, 1024px\" \/><\/figure>\n\n\n\n<p><\/p>\n\n\n\n<p>H\u00f4tel \u00e0 insectes horizontal id\u00e9al pour l\u2019observation en groupe et par les enfants.<\/p>\n\n\n\n<p>Il accueillera parmi les pollinisateurs les abeilles sauvages, les papillons, les bourdons et les syrphes.<\/p>\n\n\n\n<p>Parmi les insectes auxiliaires, il pourra accueillir les coccinelles, les chrysopes et les perce-oreilles.<\/p>\n\n\n\n<p>Prix sur demande en fonction de la livraison et les options choisies via le bouton ci-dessous:<\/p>\n\n\n\n<div class=\"wp-block-buttons is-content-justification-center is-layout-flex wp-container-core-buttons-is-layout-16018d1d wp-block-buttons-is-layout-flex\">\n<div class=\"wp-block-button\"><a class=\"wp-block-button__link has-white-color has-text-color has-background has-link-color has-text-align-center wp-element-button\" href=\"https:\/\/beewild.be\/index.php\/contact\/\" style=\"border-radius:30px;background-color:#3f873e\">Nous contacter<\/a><\/div>\n<\/div>\n<\/div>\n\n\n\n<div class=\"wp-block-column is-vertically-aligned-stretch is-layout-flow wp-block-column-is-layout-flow\" style=\"flex-basis:33%\">\n<h3 class=\"wp-block-heading has-text-align-center\">Camping \u00e0 Insectes <\/h3>\n\n\n\n<figure class=\"wp-block-image size-full is-resized\"><img loading=\"lazy\" decoding=\"async\" width=\"600\" height=\"800\" src=\"https:\/\/beewild.be\/wp-content\/uploads\/2024\/03\/Coming-soon.jpg\" alt=\"Coming soon!\" class=\"wp-image-1456\" style=\"object-fit:cover;width:390px;height:520px\" srcset=\"https:\/\/beewild.be\/wp-content\/uploads\/2024\/03\/Coming-soon.jpg 600w, https:\/\/beewild.be\/wp-content\/uploads\/2024\/03\/Coming-soon-225x300.jpg 225w\" sizes=\"auto, (max-width: 600px) 100vw, 600px\" \/><\/figure>\n\n\n\n<p>Modules individuels pour abeilles sauvages et insectes auxiliaires.<\/p>\n\n\n\n<p>Prix sur demande en fonction de la livraison et les options choisies via le bouton ci-dessous:<\/p>\n\n\n\n<div class=\"wp-block-buttons is-content-justification-center is-layout-flex wp-container-core-buttons-is-layout-16018d1d wp-block-buttons-is-layout-flex\">\n<div class=\"wp-block-button\"><a class=\"wp-block-button__link has-white-color has-text-color has-background has-link-color has-text-align-center wp-element-button\" href=\"https:\/\/beewild.be\/index.php\/contact\/\" style=\"border-radius:30px;background-color:#3f873e\">Nous contacter<\/a><\/div>\n<\/div>\n<\/div>\n\n\n\n<div class=\"wp-block-column is-vertically-aligned-stretch is-layout-flow wp-block-column-is-layout-flow\" style=\"flex-basis:33%\">\n<h3 class=\"wp-block-heading has-text-align-center\">H\u00f4tel en Kit<\/h3>\n\n\n\n<figure class=\"wp-block-image size-full is-resized\"><img loading=\"lazy\" decoding=\"async\" width=\"600\" height=\"800\" src=\"https:\/\/beewild.be\/wp-content\/uploads\/2024\/03\/Coming-soon.jpg\" alt=\"Coming soon!\" class=\"wp-image-1456\" style=\"object-fit:cover;width:390px;height:520px\" srcset=\"https:\/\/beewild.be\/wp-content\/uploads\/2024\/03\/Coming-soon.jpg 600w, https:\/\/beewild.be\/wp-content\/uploads\/2024\/03\/Coming-soon-225x300.jpg 225w\" sizes=\"auto, (max-width: 600px) 100vw, 600px\" \/><\/figure>\n\n\n\n<p><\/p>\n\n\n\n<p>Tous nos h\u00f4tels \u00e0 insectes peuvent \u00eatre vendus en kit, ou uniquement la structure assembl\u00e9e.<\/p>\n\n\n\n<p>Vous pourrez remplir vous-m\u00eame les diff\u00e9rents compartiments avec des mat\u00e9riaux comme des bambous, des tiges \u00e0 moelle, ou des buches de bois dur.<\/p>\n\n\n\n<p>Prix sur demande en fonction de la livraison et les options choisies via le bouton ci-dessous:<\/p>\n\n\n\n<div style=\"height:50px\" aria-hidden=\"true\" class=\"wp-block-spacer\"><\/div>\n\n\n\n<div class=\"wp-block-buttons is-content-justification-center is-layout-flex wp-container-core-buttons-is-layout-16018d1d wp-block-buttons-is-layout-flex\">\n<div class=\"wp-block-button\"><a class=\"wp-block-button__link has-white-color has-text-color has-background has-link-color has-text-align-center wp-element-button\" href=\"https:\/\/beewild.be\/index.php\/contact\/\" style=\"border-radius:30px;background-color:#3f873e\">Nous contacter<\/a><\/div>\n<\/div>\n<\/div>\n<\/div>\n<\/div><\/section>\n\n\n\n<div style=\"height:60px\" aria-hidden=\"true\" class=\"wp-block-spacer\"><\/div>\n\n\n\n<div class=\"wp-block-group alignfull has-text-color has-background\" style=\"color:#000000;background-color:#ffffff\"><div class=\"wp-block-group__inner-container is-layout-flow wp-block-group-is-layout-flow\">\n<div class=\"wp-block-group\"><div class=\"wp-block-group__inner-container is-layout-constrained wp-block-group-is-layout-constrained\">\n<h2 class=\"wp-block-heading has-text-align-center has-medium-font-size\"><\/h2>\n\n\n\n<h2 class=\"wp-block-heading has-text-align-center has-text-color has-link-color wp-elements-b7262cb88e843b37f2457b611412239a\" id=\"schedule-a-visit\" style=\"color:#3f873e;font-size:59px;line-height:1.15\"><strong>Pour toute commande ou demande particuli\u00e8re:<\/strong><\/h2>\n\n\n\n<div style=\"height:30px\" aria-hidden=\"true\" class=\"wp-block-spacer\"><\/div>\n\n\n\n<div class=\"wp-block-buttons is-horizontal is-content-justification-center is-layout-flex wp-container-core-buttons-is-layout-499968f5 wp-block-buttons-is-layout-flex\">\n<div class=\"wp-block-button has-custom-width wp-block-button__width-75\"><a class=\"wp-block-button__link has-text-color has-background wp-element-button\" href=\"https:\/\/beewild.be\/index.php\/contact\/\" style=\"border-radius:30px;color:#ffffff;background-color:#3f873e\">Contactez-nous<\/a><\/div>\n<\/div>\n\n\n\n<div style=\"height:50px\" aria-hidden=\"true\" class=\"wp-block-spacer\"><\/div>\n<\/div><\/div>\n<\/div><\/div>\n","protected":false},"excerpt":{"rendered":"<p>abeilles sauvages , abeilles solitaires , hym\u00e9nopt\u00e8res , syrphes , insectes , insectes auxiliaires , syrphes , coccinelles , chrysopes , perce-oreille , papillons , bourdons ; pollinisateurs<br \/>\nabeilles sauvages Bruxelles<br \/>\nenfants \u00e9l\u00e8ves \u00e9cole<br \/>\nquartier durable<br \/>\nespaces verts<br \/>\njardin balcon biodiversit\u00e9<br \/>\nh\u00f4tel \u00e0 insectes coccinelle osmie chrysope beewild bee wild abeilles sauvages bruxelles belgique environnement biodiversit\u00e9 oiseau oiseaux insectes protection nature h\u00f4tel \u00e0 insectes nichoir mangeoires g\u00eetes nourrir oiseaux nourrissage \u00e9t\u00e9 printemps hiver fleurs mellif\u00e8res facebook instagram PhilBeewild Phil Be d\u00e9clin pollinisateurs coccinelles chrysopes insectes utiles pesticides insecticides \u00e9cosyst\u00e8me service \u00e9cosyst\u00e9mique <\/p>\n","protected":false},"author":1,"featured_media":0,"parent":0,"menu_order":0,"comment_status":"closed","ping_status":"closed","template":"","meta":{"footnotes":""},"class_list":["post-317","page","type-page","status-publish","hentry"],"_links":{"self":[{"href":"https:\/\/beewild.be\/index.php\/wp-json\/wp\/v2\/pages\/317","targetHints":{"allow":["GET"]}}],"collection":[{"href":"https:\/\/beewild.be\/index.php\/wp-json\/wp\/v2\/pages"}],"about":[{"href":"https:\/\/beewild.be\/index.php\/wp-json\/wp\/v2\/types\/page"}],"author":[{"embeddable":true,"href":"https:\/\/beewild.be\/index.php\/wp-json\/wp\/v2\/users\/1"}],"replies":[{"embeddable":true,"href":"https:\/\/beewild.be\/index.php\/wp-json\/wp\/v2\/comments?post=317"}],"version-history":[{"count":9,"href":"https:\/\/beewild.be\/index.php\/wp-json\/wp\/v2\/pages\/317\/revisions"}],"predecessor-version":[{"id":1653,"href":"https:\/\/beewild.be\/index.php\/wp-json\/wp\/v2\/pages\/317\/revisions\/1653"}],"wp:attachment":[{"href":"https:\/\/beewild.be\/index.php\/wp-json\/wp\/v2\/media?parent=317"}],"curies":[{"name":"wp","href":"https:\/\/api.w.org\/{rel}","templated":true}]}}